{"id":31,"date":"2025-03-28T16:10:30","date_gmt":"2025-03-28T19:10:30","guid":{"rendered":"https:\/\/innovacon.simplificandotuweb.com\/?page_id=31"},"modified":"2025-07-23T15:15:36","modified_gmt":"2025-07-23T13:15:36","slug":"politica-de-privacidad","status":"publish","type":"page","link":"https:\/\/mafercolectores.com\/fr\/politica-de-privacidad\/","title":{"rendered":"politique de confidentialit\u00e9"},"content":{"rendered":"<div data-elementor-type=\"wp-page\" data-elementor-id=\"31\" class=\"elementor elementor-31\" data-elementor-post-type=\"page\">\n\t\t\t\t<div class=\"elementor-element elementor-element-42e81d4 e-flex e-con-boxed e-con e-parent\" data-id=\"42e81d4\" data-element_type=\"container\" data-settings=\"{&quot;background_background&quot;:&quot;classic&quot;}\">\n\t\t\t\t\t<div class=\"e-con-inner\">\n\t\t<div class=\"elementor-element elementor-element-3a5060d e-con-full e-flex e-con e-child\" data-id=\"3a5060d\" data-element_type=\"container\">\n\t\t\t\t<div class=\"elementor-element elementor-element-0fdbc0e elementor-widget elementor-widget-heading\" data-id=\"0fdbc0e\" data-element_type=\"widget\" data-widget_type=\"heading.default\">\n\t\t\t\t<div class=\"elementor-widget-container\">\n\t\t\t\t\t<h1 class=\"elementor-heading-title elementor-size-default\">politique de confidentialit\u00e9<\/h1>\t\t\t\t<\/div>\n\t\t\t\t<\/div>\n\t\t\t\t<\/div>\n\t\t\t\t\t<\/div>\n\t\t\t\t<\/div>\n\t\t<div class=\"elementor-element elementor-element-6f2e429c e-flex e-con-boxed e-con e-parent\" data-id=\"6f2e429c\" data-element_type=\"container\">\n\t\t\t\t\t<div class=\"e-con-inner\">\n\t\t\t\t<div class=\"elementor-element elementor-element-1bc2b65c elementor-widget elementor-widget-text-editor\" data-id=\"1bc2b65c\" data-element_type=\"widget\" data-widget_type=\"text-editor.default\">\n\t\t\t\t<div class=\"elementor-widget-container\">\n\t\t\t\t\t\t\t\t\t\n<p><strong>1.- INFORMATIONS \u00c0 L&#039;UTILISATEUR<\/strong><\/p>\n\n<p>Le site Web informe les utilisateurs du site Web de sa politique en mati\u00e8re de traitement et de protection des donn\u00e9es personnelles des utilisateurs et des clients qui peuvent \u00eatre demand\u00e9es lors de la navigation sur son site Web.<\/p>\n\n<p>Le site Web est responsable du traitement des donn\u00e9es personnelles de l&#039;utilisateur, et par cons\u00e9quent les informations suivantes concernant le traitement de vos donn\u00e9es sont fournies :<\/p>\n\n<p><strong>Crit\u00e8res de conservation des donn\u00e9es :<\/strong>\u00a0Les donn\u00e9es personnelles fournies seront conserv\u00e9es jusqu&#039;\u00e0 ce que l&#039;int\u00e9ress\u00e9 en demande la suspension, en exer\u00e7ant ses droits sur les donn\u00e9es, et dans tous les cas dans le respect des d\u00e9lais de prescription l\u00e9gaux applicables.<\/p>\n\n<p><strong>Droits des parties int\u00e9ress\u00e9es :<\/strong><\/p>\n\n<p>Droit de retirer votre consentement \u00e0 tout moment.<br \/>Le droit d\u2019acc\u00e9der, de rectifier, d\u2019effacer et de transf\u00e9rer vos donn\u00e9es, ainsi que de limiter ou de vous opposer \u00e0 leur traitement, ainsi que de ne pas faire l\u2019objet de d\u00e9cisions individuelles automatis\u00e9es.<\/p>\n\n<p><strong>Coordonn\u00e9es pour exercer vos droits :<\/strong><\/p>\n\n<p>Vous devez vous identifier correctement et demander clairement le droit d&#039;exercice.<\/p>\n\n<ul class=\"wp-block-list\">\n<li><strong data-renderer-mark=\"true\">Entreprise:<\/strong> Miguel Angel Fernandez Reina<\/li>\n<li><strong data-renderer-mark=\"true\">NIF:<\/strong> 34750438Z<\/li>\n<li><strong data-renderer-mark=\"true\">Responsable:<\/strong> Pilier<\/li>\n<li><strong data-renderer-mark=\"true\">Maison:<\/strong> Rue Emp\u00faries, 5<\/li>\n<li><strong data-renderer-mark=\"true\">Code postal et population :<\/strong> 08184 Palau-solit\u00e0 i Plegamans (Barcelone)<\/li>\n<li><strong data-renderer-mark=\"true\">T\u00e9l\u00e9phone:<\/strong> 617702124 (Pilar)<\/li>\n<li><strong data-renderer-mark=\"true\">Mail:<\/strong> <a class=\"css-1rn59kg\" title=\"mailto:mafercolectores@gmail.com\" href=\"mailto:mafercolectores@gmail.com\" data-testid=\"link-with-safety\" data-renderer-mark=\"true\">mafercolectores@gmail.com<\/a><\/li>\n<\/ul>\n\n<p><strong>2.- INFORMATIONS FOURNIES PAR L&#039;UTILISATEUR<\/strong><\/p>\n\n<p>Si vous avez moins de 18 ans, vous n&#039;\u00eates pas autoris\u00e9 \u00e0 utiliser les formulaires sur notre site Web.<\/p>\n\n<p>En saisissant leurs donn\u00e9es dans les formulaires de contact ou en les soumettant via les formulaires de t\u00e9l\u00e9chargement, les Utilisateurs acceptent express\u00e9ment, librement et sans \u00e9quivoque que leurs donn\u00e9es soient n\u00e9cessaires au Responsable du traitement pour traiter leur demande. La saisie de donn\u00e9es dans les autres champs est facultative.<\/p>\n\n<p>L&#039;Utilisateur garantit que les donn\u00e9es personnelles fournies sont vraies et est responsable de communiquer toute modification.<\/p>\n\n<p>Toutes les donn\u00e9es demand\u00e9es via le site web sont n\u00e9cessaires pour fournir \u00e0 l&#039;Utilisateur un service optimal. \u00c0 d\u00e9faut de fournir toutes les donn\u00e9es, le Responsable du traitement ne peut garantir que les informations et services fournis seront parfaitement adapt\u00e9s \u00e0 ses besoins.<\/p>\n\n<p><strong>3.- MESURES DE S\u00c9CURIT\u00c9<\/strong><\/p>\n\n<p>Que conform\u00e9ment aux dispositions de la r\u00e9glementation en vigueur en mati\u00e8re de protection des donn\u00e9es personnelles, le Responsable se conforme \u00e0 toutes les dispositions des r\u00e9glementations GDPR et LOPD pour le traitement des donn\u00e9es personnelles sous sa responsabilit\u00e9, qui sont trait\u00e9es de mani\u00e8re licite, loyale et transparente par rapport \u00e0 la personne concern\u00e9e et sont ad\u00e9quates, pertinentes et limit\u00e9es \u00e0 ce qui est n\u00e9cessaire au regard des finalit\u00e9s pour lesquelles elles sont trait\u00e9es.<\/p>\n\n<p>Le Responsable garantit qu&#039;il a mis en \u0153uvre des politiques techniques et organisationnelles appropri\u00e9es pour appliquer les mesures de s\u00e9curit\u00e9 \u00e9tablies par le RGPD et la LOPD pour prot\u00e9ger les droits et libert\u00e9s des Utilisateurs et leur a fourni les informations appropri\u00e9es pour qu&#039;ils puissent les exercer.<\/p>\n\n<p><strong>4.- FAILLES DE S\u00c9CURIT\u00c9<\/strong><\/p>\n\n<p>Le Responsable signalera toute violation de s\u00e9curit\u00e9 affectant la base de donn\u00e9es utilis\u00e9e par ce site Web, ou l&#039;un de nos services tiers, \u00e0 chaque personne dont les donn\u00e9es pourraient avoir \u00e9t\u00e9 affect\u00e9es, ainsi qu&#039;aux autorit\u00e9s dans les 72 heures suivant la d\u00e9tection de la violation.<\/p>\n\n<p><strong>L\u00c9GISLATION ET JURIDICTION APPLICABLES<\/strong><\/p>\n\n<p>Pour la r\u00e9solution de tout litige ou probl\u00e8me li\u00e9 \u00e0 ce site web ou aux activit\u00e9s qui y sont men\u00e9es, le droit espagnol sera applicable, auquel les parties se soumettent express\u00e9ment. Les tribunaux de Barcelone seront comp\u00e9tents pour r\u00e9soudre tout conflit d\u00e9coulant de l&#039;utilisation de ce site web.<\/p>\n\t\t\t\t\t\t\t\t<\/div>\n\t\t\t\t<\/div>\n\t\t\t\t\t<\/div>\n\t\t\t\t<\/div>\n\t\t\t\t<\/div>","protected":false},"excerpt":{"rendered":"<p>1.- INFORMACI\u00d3N AL USUARIO El sitio web informa a los usuarios del sitio web sobre su pol\u00edtica respecto al tratamiento y protecci\u00f3n de los datos de car\u00e1cter personal de los usuarios y clientes que puedan ser solicitados por la navegaci\u00f3n a trav\u00e9s de su sitio web. El sitio web es el Responsable del tratamiento de [&hellip;]<\/p>","protected":false},"author":1,"featured_media":0,"parent":0,"menu_order":0,"comment_status":"closed","ping_status":"closed","template":"","meta":{"footnotes":""},"class_list":["post-31","page","type-page","status-publish","hentry"],"yoast_head":"<!-- This site is optimized with the Yoast SEO plugin v26.4 - https:\/\/yoast.com\/wordpress\/plugins\/seo\/ -->\n<title>Pol\u00edtica de Privacidad - Mafer Colectores<\/title>\n<meta name=\"robots\" content=\"index, follow, max-snippet:-1, max-image-preview:large, max-video-preview:-1\" \/>\n<link rel=\"canonical\" href=\"https:\/\/mafercolectores.com\/fr\/politica-de-privacidad\/\" \/>\n<meta property=\"og:locale\" content=\"fr_FR\" \/>\n<meta property=\"og:type\" content=\"article\" \/>\n<meta property=\"og:title\" content=\"Pol\u00edtica de Privacidad - Mafer Colectores\" \/>\n<meta property=\"og:description\" content=\"1.- INFORMACI\u00d3N AL USUARIO El sitio web informa a los usuarios del sitio web sobre su pol\u00edtica respecto al tratamiento y protecci\u00f3n de los datos de car\u00e1cter personal de los usuarios y clientes que puedan ser solicitados por la navegaci\u00f3n a trav\u00e9s de su sitio web. El sitio web es el Responsable del tratamiento de [&hellip;]\" \/>\n<meta property=\"og:url\" content=\"https:\/\/mafercolectores.com\/fr\/politica-de-privacidad\/\" \/>\n<meta property=\"og:site_name\" content=\"Mafer Colectores\" \/>\n<meta property=\"article:modified_time\" content=\"2025-07-23T13:15:36+00:00\" \/>\n<meta name=\"twitter:card\" content=\"summary_large_image\" \/>\n<meta name=\"twitter:label1\" content=\"Dur\u00e9e de lecture estim\u00e9e\" \/>\n\t<meta name=\"twitter:data1\" content=\"3 minutes\" \/>\n<script type=\"application\/ld+json\" class=\"yoast-schema-graph\">{\"@context\":\"https:\/\/schema.org\",\"@graph\":[{\"@type\":\"WebPage\",\"@id\":\"https:\/\/mafercolectores.com\/politica-de-privacidad\/\",\"url\":\"https:\/\/mafercolectores.com\/politica-de-privacidad\/\",\"name\":\"Pol\u00edtica de Privacidad - Mafer Colectores\",\"isPartOf\":{\"@id\":\"https:\/\/mafercolectores.com\/#website\"},\"datePublished\":\"2025-03-28T19:10:30+00:00\",\"dateModified\":\"2025-07-23T13:15:36+00:00\",\"breadcrumb\":{\"@id\":\"https:\/\/mafercolectores.com\/politica-de-privacidad\/#breadcrumb\"},\"inLanguage\":\"fr-FR\",\"potentialAction\":[{\"@type\":\"ReadAction\",\"target\":[\"https:\/\/mafercolectores.com\/politica-de-privacidad\/\"]}]},{\"@type\":\"BreadcrumbList\",\"@id\":\"https:\/\/mafercolectores.com\/politica-de-privacidad\/#breadcrumb\",\"itemListElement\":[{\"@type\":\"ListItem\",\"position\":1,\"name\":\"Portada\",\"item\":\"https:\/\/mafercolectores.com\/\"},{\"@type\":\"ListItem\",\"position\":2,\"name\":\"Pol\u00edtica de Privacidad\"}]},{\"@type\":\"WebSite\",\"@id\":\"https:\/\/mafercolectores.com\/#website\",\"url\":\"https:\/\/mafercolectores.com\/\",\"name\":\"Mafer Colectores\",\"description\":\"Fabricaci\u00f3n a medida de colectores para motores industriales\",\"publisher\":{\"@id\":\"https:\/\/mafercolectores.com\/#organization\"},\"potentialAction\":[{\"@type\":\"SearchAction\",\"target\":{\"@type\":\"EntryPoint\",\"urlTemplate\":\"https:\/\/mafercolectores.com\/?s={search_term_string}\"},\"query-input\":{\"@type\":\"PropertyValueSpecification\",\"valueRequired\":true,\"valueName\":\"search_term_string\"}}],\"inLanguage\":\"fr-FR\"},{\"@type\":\"Organization\",\"@id\":\"https:\/\/mafercolectores.com\/#organization\",\"name\":\"Mafer Colectores\",\"url\":\"https:\/\/mafercolectores.com\/\",\"logo\":{\"@type\":\"ImageObject\",\"inLanguage\":\"fr-FR\",\"@id\":\"https:\/\/mafercolectores.com\/#\/schema\/logo\/image\/\",\"url\":\"https:\/\/mafercolectores.com\/wp-content\/uploads\/2025\/07\/1.png\",\"contentUrl\":\"https:\/\/mafercolectores.com\/wp-content\/uploads\/2025\/07\/1.png\",\"width\":326,\"height\":125,\"caption\":\"Mafer Colectores\"},\"image\":{\"@id\":\"https:\/\/mafercolectores.com\/#\/schema\/logo\/image\/\"}}]}<\/script>\n<!-- \/ Yoast SEO plugin. -->","yoast_head_json":{"title":"Pol\u00edtica de Privacidad - Mafer Colectores","robots":{"index":"index","follow":"follow","max-snippet":"max-snippet:-1","max-image-preview":"max-image-preview:large","max-video-preview":"max-video-preview:-1"},"canonical":"https:\/\/mafercolectores.com\/fr\/politica-de-privacidad\/","og_locale":"fr_FR","og_type":"article","og_title":"Pol\u00edtica de Privacidad - Mafer Colectores","og_description":"1.- INFORMACI\u00d3N AL USUARIO El sitio web informa a los usuarios del sitio web sobre su pol\u00edtica respecto al tratamiento y protecci\u00f3n de los datos de car\u00e1cter personal de los usuarios y clientes que puedan ser solicitados por la navegaci\u00f3n a trav\u00e9s de su sitio web. El sitio web es el Responsable del tratamiento de [&hellip;]","og_url":"https:\/\/mafercolectores.com\/fr\/politica-de-privacidad\/","og_site_name":"Mafer Colectores","article_modified_time":"2025-07-23T13:15:36+00:00","twitter_card":"summary_large_image","twitter_misc":{"Dur\u00e9e de lecture estim\u00e9e":"3 minutes"},"schema":{"@context":"https:\/\/schema.org","@graph":[{"@type":"WebPage","@id":"https:\/\/mafercolectores.com\/politica-de-privacidad\/","url":"https:\/\/mafercolectores.com\/politica-de-privacidad\/","name":"Pol\u00edtica de Privacidad - Mafer Colectores","isPartOf":{"@id":"https:\/\/mafercolectores.com\/#website"},"datePublished":"2025-03-28T19:10:30+00:00","dateModified":"2025-07-23T13:15:36+00:00","breadcrumb":{"@id":"https:\/\/mafercolectores.com\/politica-de-privacidad\/#breadcrumb"},"inLanguage":"fr-FR","potentialAction":[{"@type":"ReadAction","target":["https:\/\/mafercolectores.com\/politica-de-privacidad\/"]}]},{"@type":"BreadcrumbList","@id":"https:\/\/mafercolectores.com\/politica-de-privacidad\/#breadcrumb","itemListElement":[{"@type":"ListItem","position":1,"name":"Portada","item":"https:\/\/mafercolectores.com\/"},{"@type":"ListItem","position":2,"name":"Pol\u00edtica de Privacidad"}]},{"@type":"WebSite","@id":"https:\/\/mafercolectores.com\/#website","url":"https:\/\/mafercolectores.com\/","name":"Collectionneurs Mafer","description":"Fabrication sur mesure de collecteurs pour moteurs industriels","publisher":{"@id":"https:\/\/mafercolectores.com\/#organization"},"potentialAction":[{"@type":"SearchAction","target":{"@type":"EntryPoint","urlTemplate":"https:\/\/mafercolectores.com\/?s={search_term_string}"},"query-input":{"@type":"PropertyValueSpecification","valueRequired":true,"valueName":"search_term_string"}}],"inLanguage":"fr-FR"},{"@type":"Organization","@id":"https:\/\/mafercolectores.com\/#organization","name":"Collectionneurs Mafer","url":"https:\/\/mafercolectores.com\/","logo":{"@type":"ImageObject","inLanguage":"fr-FR","@id":"https:\/\/mafercolectores.com\/#\/schema\/logo\/image\/","url":"https:\/\/mafercolectores.com\/wp-content\/uploads\/2025\/07\/1.png","contentUrl":"https:\/\/mafercolectores.com\/wp-content\/uploads\/2025\/07\/1.png","width":326,"height":125,"caption":"Mafer Colectores"},"image":{"@id":"https:\/\/mafercolectores.com\/#\/schema\/logo\/image\/"}}]}},"_links":{"self":[{"href":"https:\/\/mafercolectores.com\/fr\/wp-json\/wp\/v2\/pages\/31","targetHints":{"allow":["GET"]}}],"collection":[{"href":"https:\/\/mafercolectores.com\/fr\/wp-json\/wp\/v2\/pages"}],"about":[{"href":"https:\/\/mafercolectores.com\/fr\/wp-json\/wp\/v2\/types\/page"}],"author":[{"embeddable":true,"href":"https:\/\/mafercolectores.com\/fr\/wp-json\/wp\/v2\/users\/1"}],"replies":[{"embeddable":true,"href":"https:\/\/mafercolectores.com\/fr\/wp-json\/wp\/v2\/comments?post=31"}],"version-history":[{"count":6,"href":"https:\/\/mafercolectores.com\/fr\/wp-json\/wp\/v2\/pages\/31\/revisions"}],"predecessor-version":[{"id":443,"href":"https:\/\/mafercolectores.com\/fr\/wp-json\/wp\/v2\/pages\/31\/revisions\/443"}],"wp:attachment":[{"href":"https:\/\/mafercolectores.com\/fr\/wp-json\/wp\/v2\/media?parent=31"}],"curies":[{"name":"wp","href":"https:\/\/api.w.org\/{rel}","templated":true}]}}