{"id":21,"date":"2025-03-28T16:06:23","date_gmt":"2025-03-28T19:06:23","guid":{"rendered":"https:\/\/innovacon.simplificandotuweb.com\/?page_id=21"},"modified":"2025-07-23T15:14:25","modified_gmt":"2025-07-23T13:14:25","slug":"declaracion-de-accesibilidad","status":"publish","type":"page","link":"https:\/\/mafercolectores.com\/fr\/declaracion-de-accesibilidad\/","title":{"rendered":"D\u00e9claration d&#039;accessibilit\u00e9"},"content":{"rendered":"<div data-elementor-type=\"wp-page\" data-elementor-id=\"21\" class=\"elementor elementor-21\" data-elementor-post-type=\"page\">\n\t\t\t\t<div class=\"elementor-element elementor-element-35b7acd e-flex e-con-boxed e-con e-parent\" data-id=\"35b7acd\" data-element_type=\"container\" data-settings=\"{&quot;background_background&quot;:&quot;classic&quot;}\">\n\t\t\t\t\t<div class=\"e-con-inner\">\n\t\t<div class=\"elementor-element elementor-element-55030b0 e-con-full e-flex e-con e-child\" data-id=\"55030b0\" data-element_type=\"container\">\n\t\t\t\t<div class=\"elementor-element elementor-element-9567a7e elementor-widget elementor-widget-heading\" data-id=\"9567a7e\" data-element_type=\"widget\" data-widget_type=\"heading.default\">\n\t\t\t\t<div class=\"elementor-widget-container\">\n\t\t\t\t\t<h1 class=\"elementor-heading-title elementor-size-default\">D\u00e9claration d&#039;accessibilit\u00e9<\/h1>\t\t\t\t<\/div>\n\t\t\t\t<\/div>\n\t\t\t\t<\/div>\n\t\t\t\t\t<\/div>\n\t\t\t\t<\/div>\n\t\t<div class=\"elementor-element elementor-element-3821e740 e-flex e-con-boxed e-con e-parent\" data-id=\"3821e740\" data-element_type=\"container\">\n\t\t\t\t\t<div class=\"e-con-inner\">\n\t\t\t\t<div class=\"elementor-element elementor-element-1ff6b0de elementor-widget elementor-widget-text-editor\" data-id=\"1ff6b0de\" data-element_type=\"widget\" data-widget_type=\"text-editor.default\">\n\t\t\t\t<div class=\"elementor-widget-container\">\n\t\t\t\t\t\t\t\t\t\n<p><strong>Miguel Angel Fernandez Reina<\/strong> s&#039;engage \u00e0 rendre son site web accessible, conform\u00e9ment au d\u00e9cret royal 1112\/2018 du 7 septembre relatif \u00e0 l&#039;accessibilit\u00e9 des sites web et des applications mobiles du secteur public. Cette d\u00e9claration d&#039;accessibilit\u00e9 s&#039;applique \u00e0 ce site web.<\/p>\n\n<p><strong>\u00c9tat de conformit\u00e9<\/strong><\/p>\n\n<p>Ce site Web est d\u00e9velopp\u00e9 conform\u00e9ment au RD 1112\/2018<\/p>\n\n<p><strong>Pr\u00e9paration de la prochaine d\u00e9claration d&#039;accessibilit\u00e9<\/strong><\/p>\n\n<p>Cette d\u00e9claration a \u00e9t\u00e9 pr\u00e9par\u00e9e le 20 avril 2023. La m\u00e9thode utilis\u00e9e pour pr\u00e9parer la d\u00e9claration \u00e9tait une auto-\u00e9valuation.<\/p>\n\n<p><strong>Commentaires et coordonn\u00e9es<\/strong><\/p>\n\n<p>Vous pouvez faire des communications sur les exigences d&#039;accessibilit\u00e9 (article 10.2.a du RD 1112\/2018) telles que :<\/p>\n\n<ul class=\"wp-block-list\">\n<li>Signaler toute violation potentielle de ce site Web<\/li>\n\n<li>Transmettre d&#039;autres difficult\u00e9s d&#039;acc\u00e8s au contenu<\/li>\n\n<li>Faites toute autre question ou suggestion d&#039;am\u00e9lioration concernant l&#039;accessibilit\u00e9 du site Web via le formulaire de contact sur ce site Web ou via le num\u00e9ro de t\u00e9l\u00e9phone\u00a0<\/li>\n<\/ul>\n\n<p>Vous pouvez pr\u00e9senter :<\/p>\n\n<ul class=\"wp-block-list\">\n<li>Plainte concernant le respect des exigences du RD 1112\/2018<\/li>\n\n<li>Demande d&#039;information accessible concernant :\n<ul class=\"wp-block-list\">\n<li>Contenus exclus du champ d&#039;application du RD 1112\/2018 conform\u00e9ment \u00e0 ce qui est \u00e9tabli \u00e0 l&#039;article 3, section 4<\/li>\n\n<li>Contenu exempt\u00e9 de la conformit\u00e9 aux exigences d&#039;accessibilit\u00e9 pour avoir impos\u00e9 une charge disproportionn\u00e9e<\/li>\n\n<li>La demande d\u2019information accessible doit clairement \u00e9noncer les faits, les raisons et la demande afin d\u2019\u00e9tablir qu\u2019il s\u2019agit d\u2019une demande raisonnable et l\u00e9gitime.<\/li>\n<\/ul>\n<\/li>\n<\/ul>\n\n<p>Les plaintes et r\u00e9clamations concernant les informations accessibles seront faites via le si\u00e8ge \u00e9lectronique (<strong><a href=\"https:\/\/sede.red.gob.es\/procedimientos\/quejas-y-sugerencias\">https:\/\/sede.red.gob.es\/procedimientos\/quejas-y-sugerencias<\/a><\/strong>), et seront re\u00e7ues et trait\u00e9es par le d\u00e9partement des Syst\u00e8mes d&#039;Information de Red.es.<\/p>\n\n<p><strong>Contenu facultatif<\/strong><\/p>\n\n<ul class=\"wp-block-list\">\n<li>Pour modifier la taille de la police dans les principaux navigateurs graphiques, utilisez les menus suivants\u00a0:<\/li>\n\n<li>Safari\u00a0: Affichage &gt; Agrandir le texte<\/li>\n\n<li>Chrome\u00a0: Contr\u00f4ler la page actuelle &gt; Taille du texte<\/li>\n<\/ul>\n\n<p>Pour modifier la taille de tout sur la page\u00a0:<\/p>\n\n<ul class=\"wp-block-list\">\n<li>Ctrl++ pour l&#039;augmenter<\/li>\n\n<li>Ctrl + \u2013 pour le diminuer<\/li>\n\n<li>Ctrl + 0 restaure la taille du texte d&#039;origine<\/li>\n\n<li>Si vous souhaitez remplacer la feuille de style ou modifier la couleur du texte, vous pouvez consulter la page Comment modifier la taille ou les couleurs du texte du WAI, qui peut \u00eatre lue traduite en espagnol comme Comment modifier la taille ou les couleurs du texte ?<\/li>\n<\/ul>\n\t\t\t\t\t\t\t\t<\/div>\n\t\t\t\t<\/div>\n\t\t\t\t\t<\/div>\n\t\t\t\t<\/div>\n\t\t\t\t<\/div>","protected":false},"excerpt":{"rendered":"<p>MIGUEL \u00c1NGEL FERN\u00c1NDEZ REINA se ha comprometido a hacer accesible su sitio web, conforme al Real Decreto 1112\/2018, de 7 de septiembre, sobre accesibilidad de los sitios web y aplicaciones para dispositivos m\u00f3viles del sector p\u00fablico. Esta declaraci\u00f3n de accesibilidad se aplica a esta web. Situaci\u00f3n de cumplimiento Este sitio web est\u00e1 desarrollado seg\u00fan el [&hellip;]<\/p>","protected":false},"author":1,"featured_media":0,"parent":0,"menu_order":0,"comment_status":"closed","ping_status":"closed","template":"","meta":{"footnotes":""},"class_list":["post-21","page","type-page","status-publish","hentry"],"yoast_head":"<!-- This site is optimized with the Yoast SEO plugin v26.4 - https:\/\/yoast.com\/wordpress\/plugins\/seo\/ -->\n<title>Declaraci\u00f3n de Accesibilidad - Mafer Colectores<\/title>\n<meta name=\"robots\" content=\"index, follow, max-snippet:-1, max-image-preview:large, max-video-preview:-1\" \/>\n<link rel=\"canonical\" href=\"https:\/\/mafercolectores.com\/fr\/declaracion-de-accesibilidad\/\" \/>\n<meta property=\"og:locale\" content=\"fr_FR\" \/>\n<meta property=\"og:type\" content=\"article\" \/>\n<meta property=\"og:title\" content=\"Declaraci\u00f3n de Accesibilidad - Mafer Colectores\" \/>\n<meta property=\"og:description\" content=\"MIGUEL \u00c1NGEL FERN\u00c1NDEZ REINA se ha comprometido a hacer accesible su sitio web, conforme al Real Decreto 1112\/2018, de 7 de septiembre, sobre accesibilidad de los sitios web y aplicaciones para dispositivos m\u00f3viles del sector p\u00fablico. Esta declaraci\u00f3n de accesibilidad se aplica a esta web. Situaci\u00f3n de cumplimiento Este sitio web est\u00e1 desarrollado seg\u00fan el [&hellip;]\" \/>\n<meta property=\"og:url\" content=\"https:\/\/mafercolectores.com\/fr\/declaracion-de-accesibilidad\/\" \/>\n<meta property=\"og:site_name\" content=\"Mafer Colectores\" \/>\n<meta property=\"article:modified_time\" content=\"2025-07-23T13:14:25+00:00\" \/>\n<meta name=\"twitter:card\" content=\"summary_large_image\" \/>\n<meta name=\"twitter:label1\" content=\"Dur\u00e9e de lecture estim\u00e9e\" \/>\n\t<meta name=\"twitter:data1\" content=\"2 minutes\" \/>\n<script type=\"application\/ld+json\" class=\"yoast-schema-graph\">{\"@context\":\"https:\/\/schema.org\",\"@graph\":[{\"@type\":\"WebPage\",\"@id\":\"https:\/\/mafercolectores.com\/declaracion-de-accesibilidad\/\",\"url\":\"https:\/\/mafercolectores.com\/declaracion-de-accesibilidad\/\",\"name\":\"Declaraci\u00f3n de Accesibilidad - Mafer Colectores\",\"isPartOf\":{\"@id\":\"https:\/\/mafercolectores.com\/#website\"},\"datePublished\":\"2025-03-28T19:06:23+00:00\",\"dateModified\":\"2025-07-23T13:14:25+00:00\",\"breadcrumb\":{\"@id\":\"https:\/\/mafercolectores.com\/declaracion-de-accesibilidad\/#breadcrumb\"},\"inLanguage\":\"fr-FR\",\"potentialAction\":[{\"@type\":\"ReadAction\",\"target\":[\"https:\/\/mafercolectores.com\/declaracion-de-accesibilidad\/\"]}]},{\"@type\":\"BreadcrumbList\",\"@id\":\"https:\/\/mafercolectores.com\/declaracion-de-accesibilidad\/#breadcrumb\",\"itemListElement\":[{\"@type\":\"ListItem\",\"position\":1,\"name\":\"Portada\",\"item\":\"https:\/\/mafercolectores.com\/\"},{\"@type\":\"ListItem\",\"position\":2,\"name\":\"Declaraci\u00f3n de Accesibilidad\"}]},{\"@type\":\"WebSite\",\"@id\":\"https:\/\/mafercolectores.com\/#website\",\"url\":\"https:\/\/mafercolectores.com\/\",\"name\":\"Mafer Colectores\",\"description\":\"Fabricaci\u00f3n a medida de colectores para motores industriales\",\"publisher\":{\"@id\":\"https:\/\/mafercolectores.com\/#organization\"},\"potentialAction\":[{\"@type\":\"SearchAction\",\"target\":{\"@type\":\"EntryPoint\",\"urlTemplate\":\"https:\/\/mafercolectores.com\/?s={search_term_string}\"},\"query-input\":{\"@type\":\"PropertyValueSpecification\",\"valueRequired\":true,\"valueName\":\"search_term_string\"}}],\"inLanguage\":\"fr-FR\"},{\"@type\":\"Organization\",\"@id\":\"https:\/\/mafercolectores.com\/#organization\",\"name\":\"Mafer Colectores\",\"url\":\"https:\/\/mafercolectores.com\/\",\"logo\":{\"@type\":\"ImageObject\",\"inLanguage\":\"fr-FR\",\"@id\":\"https:\/\/mafercolectores.com\/#\/schema\/logo\/image\/\",\"url\":\"https:\/\/mafercolectores.com\/wp-content\/uploads\/2025\/07\/1.png\",\"contentUrl\":\"https:\/\/mafercolectores.com\/wp-content\/uploads\/2025\/07\/1.png\",\"width\":326,\"height\":125,\"caption\":\"Mafer Colectores\"},\"image\":{\"@id\":\"https:\/\/mafercolectores.com\/#\/schema\/logo\/image\/\"}}]}<\/script>\n<!-- \/ Yoast SEO plugin. -->","yoast_head_json":{"title":"Declaraci\u00f3n de Accesibilidad - Mafer Colectores","robots":{"index":"index","follow":"follow","max-snippet":"max-snippet:-1","max-image-preview":"max-image-preview:large","max-video-preview":"max-video-preview:-1"},"canonical":"https:\/\/mafercolectores.com\/fr\/declaracion-de-accesibilidad\/","og_locale":"fr_FR","og_type":"article","og_title":"Declaraci\u00f3n de Accesibilidad - Mafer Colectores","og_description":"MIGUEL \u00c1NGEL FERN\u00c1NDEZ REINA se ha comprometido a hacer accesible su sitio web, conforme al Real Decreto 1112\/2018, de 7 de septiembre, sobre accesibilidad de los sitios web y aplicaciones para dispositivos m\u00f3viles del sector p\u00fablico. Esta declaraci\u00f3n de accesibilidad se aplica a esta web. Situaci\u00f3n de cumplimiento Este sitio web est\u00e1 desarrollado seg\u00fan el [&hellip;]","og_url":"https:\/\/mafercolectores.com\/fr\/declaracion-de-accesibilidad\/","og_site_name":"Mafer Colectores","article_modified_time":"2025-07-23T13:14:25+00:00","twitter_card":"summary_large_image","twitter_misc":{"Dur\u00e9e de lecture estim\u00e9e":"2 minutes"},"schema":{"@context":"https:\/\/schema.org","@graph":[{"@type":"WebPage","@id":"https:\/\/mafercolectores.com\/declaracion-de-accesibilidad\/","url":"https:\/\/mafercolectores.com\/declaracion-de-accesibilidad\/","name":"Declaraci\u00f3n de Accesibilidad - Mafer Colectores","isPartOf":{"@id":"https:\/\/mafercolectores.com\/#website"},"datePublished":"2025-03-28T19:06:23+00:00","dateModified":"2025-07-23T13:14:25+00:00","breadcrumb":{"@id":"https:\/\/mafercolectores.com\/declaracion-de-accesibilidad\/#breadcrumb"},"inLanguage":"fr-FR","potentialAction":[{"@type":"ReadAction","target":["https:\/\/mafercolectores.com\/declaracion-de-accesibilidad\/"]}]},{"@type":"BreadcrumbList","@id":"https:\/\/mafercolectores.com\/declaracion-de-accesibilidad\/#breadcrumb","itemListElement":[{"@type":"ListItem","position":1,"name":"Portada","item":"https:\/\/mafercolectores.com\/"},{"@type":"ListItem","position":2,"name":"Declaraci\u00f3n de Accesibilidad"}]},{"@type":"WebSite","@id":"https:\/\/mafercolectores.com\/#website","url":"https:\/\/mafercolectores.com\/","name":"Collectionneurs Mafer","description":"Fabrication sur mesure de collecteurs pour moteurs industriels","publisher":{"@id":"https:\/\/mafercolectores.com\/#organization"},"potentialAction":[{"@type":"SearchAction","target":{"@type":"EntryPoint","urlTemplate":"https:\/\/mafercolectores.com\/?s={search_term_string}"},"query-input":{"@type":"PropertyValueSpecification","valueRequired":true,"valueName":"search_term_string"}}],"inLanguage":"fr-FR"},{"@type":"Organization","@id":"https:\/\/mafercolectores.com\/#organization","name":"Collectionneurs Mafer","url":"https:\/\/mafercolectores.com\/","logo":{"@type":"ImageObject","inLanguage":"fr-FR","@id":"https:\/\/mafercolectores.com\/#\/schema\/logo\/image\/","url":"https:\/\/mafercolectores.com\/wp-content\/uploads\/2025\/07\/1.png","contentUrl":"https:\/\/mafercolectores.com\/wp-content\/uploads\/2025\/07\/1.png","width":326,"height":125,"caption":"Mafer Colectores"},"image":{"@id":"https:\/\/mafercolectores.com\/#\/schema\/logo\/image\/"}}]}},"_links":{"self":[{"href":"https:\/\/mafercolectores.com\/fr\/wp-json\/wp\/v2\/pages\/21","targetHints":{"allow":["GET"]}}],"collection":[{"href":"https:\/\/mafercolectores.com\/fr\/wp-json\/wp\/v2\/pages"}],"about":[{"href":"https:\/\/mafercolectores.com\/fr\/wp-json\/wp\/v2\/types\/page"}],"author":[{"embeddable":true,"href":"https:\/\/mafercolectores.com\/fr\/wp-json\/wp\/v2\/users\/1"}],"replies":[{"embeddable":true,"href":"https:\/\/mafercolectores.com\/fr\/wp-json\/wp\/v2\/comments?post=21"}],"version-history":[{"count":7,"href":"https:\/\/mafercolectores.com\/fr\/wp-json\/wp\/v2\/pages\/21\/revisions"}],"predecessor-version":[{"id":436,"href":"https:\/\/mafercolectores.com\/fr\/wp-json\/wp\/v2\/pages\/21\/revisions\/436"}],"wp:attachment":[{"href":"https:\/\/mafercolectores.com\/fr\/wp-json\/wp\/v2\/media?parent=21"}],"curies":[{"name":"wp","href":"https:\/\/api.w.org\/{rel}","templated":true}]}}