{"id":16,"date":"2025-03-28T15:59:16","date_gmt":"2025-03-28T18:59:16","guid":{"rendered":"https:\/\/innovacon.simplificandotuweb.com\/?page_id=16"},"modified":"2025-07-23T15:15:43","modified_gmt":"2025-07-23T13:15:43","slug":"politica-de-cookies","status":"publish","type":"page","link":"https:\/\/mafercolectores.com\/fr\/politica-de-cookies\/","title":{"rendered":"Politique relative aux cookies"},"content":{"rendered":"<div data-elementor-type=\"wp-page\" data-elementor-id=\"16\" class=\"elementor elementor-16\" data-elementor-post-type=\"page\">\n\t\t\t\t<div class=\"elementor-element elementor-element-8a9614a e-flex e-con-boxed e-con e-parent\" data-id=\"8a9614a\" data-element_type=\"container\" data-settings=\"{&quot;background_background&quot;:&quot;classic&quot;}\">\n\t\t\t\t\t<div class=\"e-con-inner\">\n\t\t<div class=\"elementor-element elementor-element-d3a8414 e-con-full e-flex e-con e-child\" data-id=\"d3a8414\" data-element_type=\"container\">\n\t\t\t\t<div class=\"elementor-element elementor-element-eb10e96 elementor-widget elementor-widget-heading\" data-id=\"eb10e96\" data-element_type=\"widget\" data-widget_type=\"heading.default\">\n\t\t\t\t<div class=\"elementor-widget-container\">\n\t\t\t\t\t<h1 class=\"elementor-heading-title elementor-size-default\">Politique relative aux cookies<\/h1>\t\t\t\t<\/div>\n\t\t\t\t<\/div>\n\t\t\t\t<\/div>\n\t\t\t\t\t<\/div>\n\t\t\t\t<\/div>\n\t\t<div class=\"elementor-element elementor-element-c8485bb e-flex e-con-boxed e-con e-parent\" data-id=\"c8485bb\" data-element_type=\"container\">\n\t\t\t\t\t<div class=\"e-con-inner\">\n\t\t\t\t<div class=\"elementor-element elementor-element-61a1420 elementor-widget elementor-widget-text-editor\" data-id=\"61a1420\" data-element_type=\"widget\" data-widget_type=\"text-editor.default\">\n\t\t\t\t<div class=\"elementor-widget-container\">\n\t\t\t\t\t\t\t\t\t\n<p><em>Cette politique en mati\u00e8re de cookies a \u00e9t\u00e9 mise \u00e0 jour pour la derni\u00e8re fois le 8 janvier 2024 et s&#039;applique aux citoyens et aux r\u00e9sidents permanents l\u00e9gaux de l&#039;Espace \u00e9conomique europ\u00e9en et de la Suisse.<\/em><\/p>\n\n<p><strong>1. Introduction<\/strong><\/p>\n\n<p>Notre site Web, <a href=\"https:\/\/mafercolectores.com\/fr\/\">https:\/\/mafercolectores.com\/<\/a>\u00a0(ci-apr\u00e8s\u00a0: \u00ab\u00a0le site web\u00a0\u00bb) utilise des cookies et autres technologies connexes (par souci de commodit\u00e9, toutes ces technologies sont d\u00e9sign\u00e9es par le terme \u00ab\u00a0cookies\u00a0\u00bb). Des cookies sont \u00e9galement plac\u00e9s par des tiers que nous avons mandat\u00e9s. Le document suivant vous informe de l&#039;utilisation des cookies sur notre site web.<\/p>\n\n<p><strong>2. Que sont les cookies ?<\/strong><\/p>\n\n<p>Un cookie est un petit fichier envoy\u00e9 avec les pages de ce site web et stock\u00e9 par votre navigateur sur le disque dur de votre ordinateur ou autre appareil. Les informations stock\u00e9es peuvent \u00eatre renvoy\u00e9es \u00e0 nos serveurs ou \u00e0 des serveurs tiers appropri\u00e9s lors d&#039;une visite ult\u00e9rieure.<\/p>\n\n<p><strong>3. Que sont les scripts ?<\/strong><\/p>\n\n<p>Un script est un morceau de code utilis\u00e9 pour assurer le bon fonctionnement et l&#039;interactivit\u00e9 de notre site web. Ce code s&#039;ex\u00e9cute sur notre serveur ou sur votre appareil.<\/p>\n\n<p><strong>4. Qu\u2019est-ce qu\u2019une balise Web\u00a0?<\/strong><\/p>\n\n<p>Une balise web (ou pixel espion) est un petit \u00e9l\u00e9ment de texte ou d&#039;image invisible sur un site web, utilis\u00e9 pour suivre le trafic. Pour ce faire, diverses donn\u00e9es vous concernant sont stock\u00e9es \u00e0 l&#039;aide de ces balises web.<\/p>\n\n<p><strong>5. Cookies<\/strong><\/p>\n\n<p><strong>5.1 Cookies techniques ou fonctionnels<\/strong><\/p>\n\n<p>Certains cookies assurent le bon fonctionnement de certaines parties du site web et la prise en compte de vos pr\u00e9f\u00e9rences utilisateur. En utilisant des cookies fonctionnels, nous facilitons votre visite sur notre site web. Ainsi, vous n&#039;avez pas besoin de saisir \u00e0 plusieurs reprises les m\u00eames informations lors de votre visite et, par exemple, les articles restent dans votre panier jusqu&#039;\u00e0 votre paiement. Nous pouvons utiliser ces cookies sans votre consentement.<\/p>\n\n<p><strong>5.2 Cookies de marketing\/suivi<\/strong><\/p>\n\n<p>Les cookies de marketing\/suivi sont des cookies ou d&#039;autres formes de stockage local utilis\u00e9s pour cr\u00e9er des profils d&#039;utilisateurs dans le but d&#039;afficher de la publicit\u00e9 ou de suivre les utilisateurs sur ce site Web ou sur plusieurs sites Web \u00e0 des fins de marketing similaires.<\/p>\n\n<p><strong>6. Cookies utilis\u00e9s<\/strong><\/p>\n\n<p><strong>\u00c9l\u00e9mentor<\/strong><\/p>\n\n<p>Statistiques (anonymes)<\/p>\n\n<p>Consentement \u00e0 l&#039;\u00e9l\u00e9ment de service<\/p>\n\n<p><strong>WordPress<\/strong><\/p>\n\n<p>Fonctionnel<\/p>\n\n<p>Consentement au service WordPress<\/p>\n\n<p><strong>Plusieurs<\/strong><\/p>\n\n<p>Objectif en attente d&#039;enqu\u00eate<\/p>\n\n<p>Consentement \u00e0 divers services<\/p>\n\n<p><strong>7. Consent<\/strong><\/p>\n\n<p>Lors de votre premi\u00e8re visite sur notre site web, une fen\u00eatre contextuelle contenant des explications sur les cookies s&#039;affiche. En cliquant sur \u00ab\u00a0Enregistrer les pr\u00e9f\u00e9rences\u00a0\u00bb, vous acceptez notre utilisation des cat\u00e9gories de cookies et d&#039;extensions s\u00e9lectionn\u00e9es dans la fen\u00eatre contextuelle, comme d\u00e9crit dans la pr\u00e9sente politique relative aux cookies. Vous pouvez d\u00e9sactiver les cookies via votre navigateur, mais veuillez noter que notre site web pourrait ne plus fonctionner correctement.<\/p>\n\n<p><strong>7.1 G\u00e9rez vos param\u00e8tres de consentement<\/strong><\/p>\n\n<p>Fonctionnel<\/p>\n\n<p>Toujours actif<\/p>\n\n<p>Commercialisation<\/p>\n\n<p>Commercialisation<\/p>\n\n<p><strong>8. Activation\/d\u00e9sactivation et suppression des cookies<\/strong><\/p>\n\n<p>Vous pouvez utiliser votre navigateur Internet pour supprimer automatiquement ou manuellement les cookies. Vous pouvez \u00e9galement refuser l&#039;installation de certains cookies. Vous pouvez \u00e9galement configurer votre navigateur afin de recevoir un message \u00e0 chaque fois qu&#039;un cookie est install\u00e9. Pour plus d&#039;informations sur ces options, veuillez consulter les instructions de la section \u00ab\u00a0Aide\u00a0\u00bb de votre navigateur.<\/p>\n\n<p>Veuillez noter que notre site web pourrait ne pas fonctionner correctement si tous les cookies sont d\u00e9sactiv\u00e9s. Si vous supprimez les cookies de votre navigateur, ils seront de nouveau install\u00e9s apr\u00e8s votre consentement lors de vos prochaines visites.<\/p>\n\n<p><strong>9. Vos droits concernant les donn\u00e9es personnelles<\/strong><\/p>\n\n<p>Vous disposez des droits suivants concernant vos donn\u00e9es personnelles :<\/p>\n\n<ul class=\"wp-block-list\">\n<li>Vous avez le droit de savoir pourquoi vos donn\u00e9es personnelles sont n\u00e9cessaires, ce qu\u2019il adviendra d\u2019elles et combien de temps elles seront conserv\u00e9es.<\/li>\n\n<li>Droit d\u2019acc\u00e8s : Vous avez le droit d\u2019acc\u00e9der \u00e0 vos donn\u00e9es personnelles que nous connaissons.<\/li>\n\n<li>Droit de rectification : Vous avez le droit de compl\u00e9ter, de rectifier, de supprimer ou de bloquer vos donn\u00e9es personnelles quand vous le souhaitez.<\/li>\n\n<li>Si vous nous donnez votre consentement pour traiter vos donn\u00e9es, vous avez le droit de r\u00e9voquer ce consentement et de faire supprimer vos donn\u00e9es personnelles.<\/li>\n\n<li>Droit de transf\u00e9rer vos donn\u00e9es : Vous avez le droit de demander toutes vos donn\u00e9es personnelles au responsable du traitement et de les transf\u00e9rer dans leur int\u00e9gralit\u00e9 \u00e0 un autre responsable du traitement.<\/li>\n\n<li>Droit d&#039;opposition\u00a0: Vous pouvez vous opposer au traitement de vos donn\u00e9es. Nous nous y conformerons, sauf s&#039;il existe des motifs l\u00e9gitimes justifiant le traitement.<\/li>\n<\/ul>\n\n<p>Pour exercer ces droits, veuillez nous contacter. Veuillez consulter les coordonn\u00e9es au bas de cette politique relative aux cookies. Si vous avez des r\u00e9clamations concernant la gestion de vos donn\u00e9es, n&#039;h\u00e9sitez pas \u00e0 nous en faire part. Vous avez \u00e9galement le droit de d\u00e9poser une r\u00e9clamation aupr\u00e8s de l&#039;autorit\u00e9 de contr\u00f4le (l&#039;Autorit\u00e9 de protection des donn\u00e9es).<\/p>\n\n<p><strong>10. Coordonn\u00e9es<\/strong><\/p>\n\n<p>Pour toute question et\/ou commentaire concernant notre politique en mati\u00e8re de cookies et cette d\u00e9claration, veuillez nous contacter en utilisant les coordonn\u00e9es suivantes :<\/p>\n\n<ul class=\"wp-block-list\">\n<li><strong data-renderer-mark=\"true\">Entreprise:<\/strong> Miguel Angel Fernandez Reina<\/li>\n<li><strong data-renderer-mark=\"true\">NIF:<\/strong> 34750438Z<\/li>\n<li><strong data-renderer-mark=\"true\">Responsable:<\/strong> Pilier<\/li>\n<li><strong data-renderer-mark=\"true\">Maison:<\/strong> Rue Emp\u00faries, 5<\/li>\n<li><strong data-renderer-mark=\"true\">Code postal et population :<\/strong> 08184 Palau-solit\u00e0 i Plegamans (Barcelone)<\/li>\n<li><strong data-renderer-mark=\"true\">T\u00e9l\u00e9phone:<\/strong> 617702124 (Pilar)<\/li>\n<li><strong data-renderer-mark=\"true\">Mail:<\/strong> <a class=\"css-1rn59kg\" title=\"mailto:mafercolectores@gmail.com\" href=\"mailto:mafercolectores@gmail.com\" data-testid=\"link-with-safety\" data-renderer-mark=\"true\">mafercolectores@gmail.com<\/a><\/li>\n<\/ul>\n\n<p>Cette politique de cookies a \u00e9t\u00e9 synchronis\u00e9e avec\u00a0<a href=\"https:\/\/cookiedatabase.org\/\">cookiedatabase.org<\/a>\u00a0le 01\/08\/2024.<\/p>\n\t\t\t\t\t\t\t\t<\/div>\n\t\t\t\t<\/div>\n\t\t\t\t\t<\/div>\n\t\t\t\t<\/div>\n\t\t\t\t<\/div>","protected":false},"excerpt":{"rendered":"<p>Esta pol\u00edtica de cookies fue actualizada por \u00faltima vez el 08\/01\/2024 y se aplica a los ciudadanos y residentes legales permanentes del Espacio Econ\u00f3mico Europeo y Suiza. 1. Introducci\u00f3n Nuestra web, https:\/\/mafercolectores.com\/\u00a0(en adelante: \u00abla web\u00bb) utiliza cookies y otras tecnolog\u00edas relacionadas (para mayor comodidad, todas las tecnolog\u00edas se denominan \u00abcookies\u00bb). Las cookies tambi\u00e9n son colocadas [&hellip;]<\/p>","protected":false},"author":1,"featured_media":0,"parent":0,"menu_order":0,"comment_status":"closed","ping_status":"closed","template":"","meta":{"footnotes":""},"class_list":["post-16","page","type-page","status-publish","hentry"],"yoast_head":"<!-- This site is optimized with the Yoast SEO plugin v26.4 - https:\/\/yoast.com\/wordpress\/plugins\/seo\/ -->\n<title>Pol\u00edtica de Cookies - Mafer Colectores<\/title>\n<meta name=\"robots\" content=\"index, follow, max-snippet:-1, max-image-preview:large, max-video-preview:-1\" \/>\n<link rel=\"canonical\" href=\"https:\/\/mafercolectores.com\/fr\/politica-de-cookies\/\" \/>\n<meta property=\"og:locale\" content=\"fr_FR\" \/>\n<meta property=\"og:type\" content=\"article\" \/>\n<meta property=\"og:title\" content=\"Pol\u00edtica de Cookies - Mafer Colectores\" \/>\n<meta property=\"og:description\" content=\"Esta pol\u00edtica de cookies fue actualizada por \u00faltima vez el 08\/01\/2024 y se aplica a los ciudadanos y residentes legales permanentes del Espacio Econ\u00f3mico Europeo y Suiza. 1. Introducci\u00f3n Nuestra web, https:\/\/mafercolectores.com\/\u00a0(en adelante: \u00abla web\u00bb) utiliza cookies y otras tecnolog\u00edas relacionadas (para mayor comodidad, todas las tecnolog\u00edas se denominan \u00abcookies\u00bb). Las cookies tambi\u00e9n son colocadas [&hellip;]\" \/>\n<meta property=\"og:url\" content=\"https:\/\/mafercolectores.com\/fr\/politica-de-cookies\/\" \/>\n<meta property=\"og:site_name\" content=\"Mafer Colectores\" \/>\n<meta property=\"article:modified_time\" content=\"2025-07-23T13:15:43+00:00\" \/>\n<meta name=\"twitter:card\" content=\"summary_large_image\" \/>\n<meta name=\"twitter:label1\" content=\"Dur\u00e9e de lecture estim\u00e9e\" \/>\n\t<meta name=\"twitter:data1\" content=\"4 minutes\" \/>\n<script type=\"application\/ld+json\" class=\"yoast-schema-graph\">{\"@context\":\"https:\/\/schema.org\",\"@graph\":[{\"@type\":\"WebPage\",\"@id\":\"https:\/\/mafercolectores.com\/politica-de-cookies\/\",\"url\":\"https:\/\/mafercolectores.com\/politica-de-cookies\/\",\"name\":\"Pol\u00edtica de Cookies - Mafer Colectores\",\"isPartOf\":{\"@id\":\"https:\/\/mafercolectores.com\/#website\"},\"datePublished\":\"2025-03-28T18:59:16+00:00\",\"dateModified\":\"2025-07-23T13:15:43+00:00\",\"breadcrumb\":{\"@id\":\"https:\/\/mafercolectores.com\/politica-de-cookies\/#breadcrumb\"},\"inLanguage\":\"fr-FR\",\"potentialAction\":[{\"@type\":\"ReadAction\",\"target\":[\"https:\/\/mafercolectores.com\/politica-de-cookies\/\"]}]},{\"@type\":\"BreadcrumbList\",\"@id\":\"https:\/\/mafercolectores.com\/politica-de-cookies\/#breadcrumb\",\"itemListElement\":[{\"@type\":\"ListItem\",\"position\":1,\"name\":\"Portada\",\"item\":\"https:\/\/mafercolectores.com\/\"},{\"@type\":\"ListItem\",\"position\":2,\"name\":\"Pol\u00edtica de Cookies\"}]},{\"@type\":\"WebSite\",\"@id\":\"https:\/\/mafercolectores.com\/#website\",\"url\":\"https:\/\/mafercolectores.com\/\",\"name\":\"Mafer Colectores\",\"description\":\"Fabricaci\u00f3n a medida de colectores para motores industriales\",\"publisher\":{\"@id\":\"https:\/\/mafercolectores.com\/#organization\"},\"potentialAction\":[{\"@type\":\"SearchAction\",\"target\":{\"@type\":\"EntryPoint\",\"urlTemplate\":\"https:\/\/mafercolectores.com\/?s={search_term_string}\"},\"query-input\":{\"@type\":\"PropertyValueSpecification\",\"valueRequired\":true,\"valueName\":\"search_term_string\"}}],\"inLanguage\":\"fr-FR\"},{\"@type\":\"Organization\",\"@id\":\"https:\/\/mafercolectores.com\/#organization\",\"name\":\"Mafer Colectores\",\"url\":\"https:\/\/mafercolectores.com\/\",\"logo\":{\"@type\":\"ImageObject\",\"inLanguage\":\"fr-FR\",\"@id\":\"https:\/\/mafercolectores.com\/#\/schema\/logo\/image\/\",\"url\":\"https:\/\/mafercolectores.com\/wp-content\/uploads\/2025\/07\/1.png\",\"contentUrl\":\"https:\/\/mafercolectores.com\/wp-content\/uploads\/2025\/07\/1.png\",\"width\":326,\"height\":125,\"caption\":\"Mafer Colectores\"},\"image\":{\"@id\":\"https:\/\/mafercolectores.com\/#\/schema\/logo\/image\/\"}}]}<\/script>\n<!-- \/ Yoast SEO plugin. -->","yoast_head_json":{"title":"Pol\u00edtica de Cookies - Mafer Colectores","robots":{"index":"index","follow":"follow","max-snippet":"max-snippet:-1","max-image-preview":"max-image-preview:large","max-video-preview":"max-video-preview:-1"},"canonical":"https:\/\/mafercolectores.com\/fr\/politica-de-cookies\/","og_locale":"fr_FR","og_type":"article","og_title":"Pol\u00edtica de Cookies - Mafer Colectores","og_description":"Esta pol\u00edtica de cookies fue actualizada por \u00faltima vez el 08\/01\/2024 y se aplica a los ciudadanos y residentes legales permanentes del Espacio Econ\u00f3mico Europeo y Suiza. 1. Introducci\u00f3n Nuestra web, https:\/\/mafercolectores.com\/\u00a0(en adelante: \u00abla web\u00bb) utiliza cookies y otras tecnolog\u00edas relacionadas (para mayor comodidad, todas las tecnolog\u00edas se denominan \u00abcookies\u00bb). Las cookies tambi\u00e9n son colocadas [&hellip;]","og_url":"https:\/\/mafercolectores.com\/fr\/politica-de-cookies\/","og_site_name":"Mafer Colectores","article_modified_time":"2025-07-23T13:15:43+00:00","twitter_card":"summary_large_image","twitter_misc":{"Dur\u00e9e de lecture estim\u00e9e":"4 minutes"},"schema":{"@context":"https:\/\/schema.org","@graph":[{"@type":"WebPage","@id":"https:\/\/mafercolectores.com\/politica-de-cookies\/","url":"https:\/\/mafercolectores.com\/politica-de-cookies\/","name":"Pol\u00edtica de Cookies - Mafer Colectores","isPartOf":{"@id":"https:\/\/mafercolectores.com\/#website"},"datePublished":"2025-03-28T18:59:16+00:00","dateModified":"2025-07-23T13:15:43+00:00","breadcrumb":{"@id":"https:\/\/mafercolectores.com\/politica-de-cookies\/#breadcrumb"},"inLanguage":"fr-FR","potentialAction":[{"@type":"ReadAction","target":["https:\/\/mafercolectores.com\/politica-de-cookies\/"]}]},{"@type":"BreadcrumbList","@id":"https:\/\/mafercolectores.com\/politica-de-cookies\/#breadcrumb","itemListElement":[{"@type":"ListItem","position":1,"name":"Portada","item":"https:\/\/mafercolectores.com\/"},{"@type":"ListItem","position":2,"name":"Pol\u00edtica de Cookies"}]},{"@type":"WebSite","@id":"https:\/\/mafercolectores.com\/#website","url":"https:\/\/mafercolectores.com\/","name":"Collectionneurs Mafer","description":"Fabrication sur mesure de collecteurs pour moteurs industriels","publisher":{"@id":"https:\/\/mafercolectores.com\/#organization"},"potentialAction":[{"@type":"SearchAction","target":{"@type":"EntryPoint","urlTemplate":"https:\/\/mafercolectores.com\/?s={search_term_string}"},"query-input":{"@type":"PropertyValueSpecification","valueRequired":true,"valueName":"search_term_string"}}],"inLanguage":"fr-FR"},{"@type":"Organization","@id":"https:\/\/mafercolectores.com\/#organization","name":"Collectionneurs Mafer","url":"https:\/\/mafercolectores.com\/","logo":{"@type":"ImageObject","inLanguage":"fr-FR","@id":"https:\/\/mafercolectores.com\/#\/schema\/logo\/image\/","url":"https:\/\/mafercolectores.com\/wp-content\/uploads\/2025\/07\/1.png","contentUrl":"https:\/\/mafercolectores.com\/wp-content\/uploads\/2025\/07\/1.png","width":326,"height":125,"caption":"Mafer Colectores"},"image":{"@id":"https:\/\/mafercolectores.com\/#\/schema\/logo\/image\/"}}]}},"_links":{"self":[{"href":"https:\/\/mafercolectores.com\/fr\/wp-json\/wp\/v2\/pages\/16","targetHints":{"allow":["GET"]}}],"collection":[{"href":"https:\/\/mafercolectores.com\/fr\/wp-json\/wp\/v2\/pages"}],"about":[{"href":"https:\/\/mafercolectores.com\/fr\/wp-json\/wp\/v2\/types\/page"}],"author":[{"embeddable":true,"href":"https:\/\/mafercolectores.com\/fr\/wp-json\/wp\/v2\/users\/1"}],"replies":[{"embeddable":true,"href":"https:\/\/mafercolectores.com\/fr\/wp-json\/wp\/v2\/comments?post=16"}],"version-history":[{"count":11,"href":"https:\/\/mafercolectores.com\/fr\/wp-json\/wp\/v2\/pages\/16\/revisions"}],"predecessor-version":[{"id":449,"href":"https:\/\/mafercolectores.com\/fr\/wp-json\/wp\/v2\/pages\/16\/revisions\/449"}],"wp:attachment":[{"href":"https:\/\/mafercolectores.com\/fr\/wp-json\/wp\/v2\/media?parent=16"}],"curies":[{"name":"wp","href":"https:\/\/api.w.org\/{rel}","templated":true}]}}