{"id":31,"date":"2025-03-28T16:10:30","date_gmt":"2025-03-28T19:10:30","guid":{"rendered":"https:\/\/innovacon.simplificandotuweb.com\/?page_id=31"},"modified":"2025-07-23T15:15:36","modified_gmt":"2025-07-23T13:15:36","slug":"politica-de-privacidad","status":"publish","type":"page","link":"https:\/\/mafercolectores.com\/de\/politica-de-privacidad\/","title":{"rendered":"Datenschutzrichtlinie"},"content":{"rendered":"<div data-elementor-type=\"wp-page\" data-elementor-id=\"31\" class=\"elementor elementor-31\" data-elementor-post-type=\"page\">\n\t\t\t\t<div class=\"elementor-element elementor-element-42e81d4 e-flex e-con-boxed e-con e-parent\" data-id=\"42e81d4\" data-element_type=\"container\" data-settings=\"{&quot;background_background&quot;:&quot;classic&quot;}\">\n\t\t\t\t\t<div class=\"e-con-inner\">\n\t\t<div class=\"elementor-element elementor-element-3a5060d e-con-full e-flex e-con e-child\" data-id=\"3a5060d\" data-element_type=\"container\">\n\t\t\t\t<div class=\"elementor-element elementor-element-0fdbc0e elementor-widget elementor-widget-heading\" data-id=\"0fdbc0e\" data-element_type=\"widget\" data-widget_type=\"heading.default\">\n\t\t\t\t<div class=\"elementor-widget-container\">\n\t\t\t\t\t<h1 class=\"elementor-heading-title elementor-size-default\">Datenschutzrichtlinie<\/h1>\t\t\t\t<\/div>\n\t\t\t\t<\/div>\n\t\t\t\t<\/div>\n\t\t\t\t\t<\/div>\n\t\t\t\t<\/div>\n\t\t<div class=\"elementor-element elementor-element-6f2e429c e-flex e-con-boxed e-con e-parent\" data-id=\"6f2e429c\" data-element_type=\"container\">\n\t\t\t\t\t<div class=\"e-con-inner\">\n\t\t\t\t<div class=\"elementor-element elementor-element-1bc2b65c elementor-widget elementor-widget-text-editor\" data-id=\"1bc2b65c\" data-element_type=\"widget\" data-widget_type=\"text-editor.default\">\n\t\t\t\t<div class=\"elementor-widget-container\">\n\t\t\t\t\t\t\t\t\t\n<p><strong>1.- INFORMATIONEN F\u00dcR DEN BENUTZER<\/strong><\/p>\n\n<p>Die Website informiert die Website-Benutzer \u00fcber ihre Richtlinien bez\u00fcglich der Verarbeitung und des Schutzes personenbezogener Daten von Benutzern und Kunden, die beim Surfen auf ihrer Website angefordert werden k\u00f6nnen.<\/p>\n\n<p>Verantwortlich f\u00fcr die Verarbeitung der personenbezogenen Daten des Nutzers ist die Website, daher werden folgende Informationen zur Verarbeitung Ihrer Daten bereitgestellt:<\/p>\n\n<p><strong>Kriterien f\u00fcr die Datenaufbewahrung:<\/strong>\u00a0Die bereitgestellten personenbezogenen Daten werden so lange gespeichert, bis der Betroffene die L\u00f6schung seiner Daten beantragt und seine Rechte in Bezug auf die Daten aus\u00fcbt, in jedem Fall jedoch unter Einhaltung aller geltenden gesetzlichen Verj\u00e4hrungsfristen.<\/p>\n\n<p><strong>Rechte der Betroffenen:<\/strong><\/p>\n\n<p>Recht, Ihre Einwilligung jederzeit zu widerrufen.<br \/>Das Recht auf Zugriff, Berichtigung, L\u00f6schung und \u00dcbertragung Ihrer Daten sowie auf Einschr\u00e4nkung oder Widerspruch gegen deren Verarbeitung und darauf, keiner automatisierten Einzelentscheidung unterworfen zu sein.<\/p>\n\n<p><strong>Kontaktinformationen zur Aus\u00fcbung Ihrer Rechte:<\/strong><\/p>\n\n<p>Sie m\u00fcssen sich ordnungsgem\u00e4\u00df ausweisen und das Recht zur Aus\u00fcbung klar und deutlich beanspruchen.<\/p>\n\n<ul class=\"wp-block-list\">\n<li><strong data-renderer-mark=\"true\">Unternehmen:<\/strong> Miguel Angel Fernandez Reina<\/li>\n<li><strong data-renderer-mark=\"true\">NIF:<\/strong> 34750438Z<\/li>\n<li><strong data-renderer-mark=\"true\">Verantwortlich:<\/strong> S\u00e4ule<\/li>\n<li><strong data-renderer-mark=\"true\">Heim:<\/strong> Emp\u00faries Stra\u00dfe, 5<\/li>\n<li><strong data-renderer-mark=\"true\">Postleitzahl und Einwohnerzahl:<\/strong> 08184 Palau-solit\u00e0 i Plegamans (Barcelona)<\/li>\n<li><strong data-renderer-mark=\"true\">Telefon:<\/strong> 617702124 (S\u00e4ule)<\/li>\n<li><strong data-renderer-mark=\"true\">Mail:<\/strong> <a class=\"css-1rn59kg\" title=\"mailto:mafercolectores@gmail.com\" href=\"mailto:mafercolectores@gmail.com\" data-testid=\"link-with-safety\" data-renderer-mark=\"true\">mafercolectores@gmail.com<\/a><\/li>\n<\/ul>\n\n<p><strong>2.- VOM BENUTZER BEREITGESTELLTE INFORMATIONEN<\/strong><\/p>\n\n<p>Wenn Sie unter 18 Jahre alt sind, ist Ihnen die Nutzung der Formulare auf unserer Website nicht gestattet.<\/p>\n\n<p>Mit der Eingabe der Daten in die Kontaktformulare oder in Download-Formulare erkl\u00e4rt sich der Nutzer ausdr\u00fccklich, freiwillig und unmissverst\u00e4ndlich damit einverstanden, dass seine Daten f\u00fcr die Bearbeitung seiner Anfrage durch den Verantwortlichen erforderlich sind. Die Angabe der Daten in den \u00fcbrigen Feldern ist freiwillig.<\/p>\n\n<p>Der Nutzer garantiert, dass die von ihm angegebenen personenbezogenen Daten wahrheitsgem\u00e4\u00df sind und ist f\u00fcr die Mitteilung etwaiger \u00c4nderungen verantwortlich.<\/p>\n\n<p>Alle \u00fcber die Website abgefragten Daten sind notwendig, um dem Nutzer einen optimalen Service bieten zu k\u00f6nnen. Werden nicht alle Daten bereitgestellt, kann nicht garantiert werden, dass die vom Verantwortlichen bereitgestellten Informationen und Dienstleistungen vollst\u00e4ndig auf die Bed\u00fcrfnisse des Nutzers zugeschnitten sind.<\/p>\n\n<p><strong>3.- SICHERHEITSMASSNAHMEN<\/strong><\/p>\n\n<p>Dass der Verantwortliche gem\u00e4\u00df den Bestimmungen der geltenden Vorschriften zum Schutz personenbezogener Daten alle Bestimmungen der DSGVO und des LOPD f\u00fcr die Verarbeitung personenbezogener Daten unter seiner Verantwortung einh\u00e4lt, die rechtm\u00e4\u00dfig, fair und transparent in Bezug auf die betroffene Person verarbeitet werden und angemessen, relevant und auf das f\u00fcr die Zwecke, f\u00fcr die sie verarbeitet werden, erforderliche Ma\u00df beschr\u00e4nkt sind.<\/p>\n\n<p>Der Verantwortliche garantiert, dass er geeignete technische und organisatorische Ma\u00dfnahmen ergriffen hat, um die in der DSGVO und dem LOPD festgelegten Sicherheitsma\u00dfnahmen zum Schutz der Rechte und Freiheiten der Benutzer anzuwenden und ihnen die entsprechenden Informationen zur Verf\u00fcgung gestellt hat, damit sie diese aus\u00fcben k\u00f6nnen.<\/p>\n\n<p><strong>4.- SICHERHEITSVERLETZUNGEN<\/strong><\/p>\n\n<p>Der Verantwortliche meldet alle Sicherheitsverletzungen, die die von dieser Website oder einem unserer Drittanbieterdienste verwendete Datenbank betreffen, jeder einzelnen Person, deren Daten m\u00f6glicherweise betroffen sind, sowie den Beh\u00f6rden innerhalb von 72 Stunden nach Feststellung der Verletzung.<\/p>\n\n<p><strong>ANWENDBARES RECHT UND GERICHTSSTAND<\/strong><\/p>\n\n<p>F\u00fcr die Beilegung aller Streitigkeiten oder Fragen im Zusammenhang mit dieser Website oder den darauf durchgef\u00fchrten Aktivit\u00e4ten gilt spanisches Recht, dem sich die Parteien ausdr\u00fccklich unterwerfen. Die Gerichte von Barcelona sind f\u00fcr die Beilegung aller Konflikte zust\u00e4ndig, die sich aus der Nutzung dieser Website ergeben oder damit in Zusammenhang stehen.<\/p>\n\t\t\t\t\t\t\t\t<\/div>\n\t\t\t\t<\/div>\n\t\t\t\t\t<\/div>\n\t\t\t\t<\/div>\n\t\t\t\t<\/div>","protected":false},"excerpt":{"rendered":"<p>1.- BENUTZERINFORMATIONEN Die Website informiert die Benutzer \u00fcber ihre Richtlinien zur Verarbeitung und zum Schutz personenbezogener Daten von Benutzern und Kunden, die beim Surfen auf ihrer Website angefordert werden k\u00f6nnen. Die Website ist der Datenverantwortliche f\u00fcr [\u2026]<\/p>","protected":false},"author":1,"featured_media":0,"parent":0,"menu_order":0,"comment_status":"closed","ping_status":"closed","template":"","meta":{"footnotes":""},"class_list":["post-31","page","type-page","status-publish","hentry"],"yoast_head":"<!-- This site is optimized with the Yoast SEO plugin v26.4 - https:\/\/yoast.com\/wordpress\/plugins\/seo\/ -->\n<title>Pol\u00edtica de Privacidad - Mafer Colectores<\/title>\n<meta name=\"robots\" content=\"index, follow, max-snippet:-1, max-image-preview:large, max-video-preview:-1\" \/>\n<link rel=\"canonical\" href=\"https:\/\/mafercolectores.com\/de\/politica-de-privacidad\/\" \/>\n<meta property=\"og:locale\" content=\"de_DE\" \/>\n<meta property=\"og:type\" content=\"article\" \/>\n<meta property=\"og:title\" content=\"Pol\u00edtica de Privacidad - Mafer Colectores\" \/>\n<meta property=\"og:description\" content=\"1.- INFORMACI\u00d3N AL USUARIO El sitio web informa a los usuarios del sitio web sobre su pol\u00edtica respecto al tratamiento y protecci\u00f3n de los datos de car\u00e1cter personal de los usuarios y clientes que puedan ser solicitados por la navegaci\u00f3n a trav\u00e9s de su sitio web. El sitio web es el Responsable del tratamiento de [&hellip;]\" \/>\n<meta property=\"og:url\" content=\"https:\/\/mafercolectores.com\/de\/politica-de-privacidad\/\" \/>\n<meta property=\"og:site_name\" content=\"Mafer Colectores\" \/>\n<meta property=\"article:modified_time\" content=\"2025-07-23T13:15:36+00:00\" \/>\n<meta name=\"twitter:card\" content=\"summary_large_image\" \/>\n<meta name=\"twitter:label1\" content=\"Gesch\u00e4tzte Lesezeit\" \/>\n\t<meta name=\"twitter:data1\" content=\"3\u00a0Minuten\" \/>\n<script type=\"application\/ld+json\" class=\"yoast-schema-graph\">{\"@context\":\"https:\/\/schema.org\",\"@graph\":[{\"@type\":\"WebPage\",\"@id\":\"https:\/\/mafercolectores.com\/politica-de-privacidad\/\",\"url\":\"https:\/\/mafercolectores.com\/politica-de-privacidad\/\",\"name\":\"Pol\u00edtica de Privacidad - Mafer Colectores\",\"isPartOf\":{\"@id\":\"https:\/\/mafercolectores.com\/#website\"},\"datePublished\":\"2025-03-28T19:10:30+00:00\",\"dateModified\":\"2025-07-23T13:15:36+00:00\",\"breadcrumb\":{\"@id\":\"https:\/\/mafercolectores.com\/politica-de-privacidad\/#breadcrumb\"},\"inLanguage\":\"de\",\"potentialAction\":[{\"@type\":\"ReadAction\",\"target\":[\"https:\/\/mafercolectores.com\/politica-de-privacidad\/\"]}]},{\"@type\":\"BreadcrumbList\",\"@id\":\"https:\/\/mafercolectores.com\/politica-de-privacidad\/#breadcrumb\",\"itemListElement\":[{\"@type\":\"ListItem\",\"position\":1,\"name\":\"Portada\",\"item\":\"https:\/\/mafercolectores.com\/\"},{\"@type\":\"ListItem\",\"position\":2,\"name\":\"Pol\u00edtica de Privacidad\"}]},{\"@type\":\"WebSite\",\"@id\":\"https:\/\/mafercolectores.com\/#website\",\"url\":\"https:\/\/mafercolectores.com\/\",\"name\":\"Mafer Colectores\",\"description\":\"Fabricaci\u00f3n a medida de colectores para motores industriales\",\"publisher\":{\"@id\":\"https:\/\/mafercolectores.com\/#organization\"},\"potentialAction\":[{\"@type\":\"SearchAction\",\"target\":{\"@type\":\"EntryPoint\",\"urlTemplate\":\"https:\/\/mafercolectores.com\/?s={search_term_string}\"},\"query-input\":{\"@type\":\"PropertyValueSpecification\",\"valueRequired\":true,\"valueName\":\"search_term_string\"}}],\"inLanguage\":\"de\"},{\"@type\":\"Organization\",\"@id\":\"https:\/\/mafercolectores.com\/#organization\",\"name\":\"Mafer Colectores\",\"url\":\"https:\/\/mafercolectores.com\/\",\"logo\":{\"@type\":\"ImageObject\",\"inLanguage\":\"de\",\"@id\":\"https:\/\/mafercolectores.com\/#\/schema\/logo\/image\/\",\"url\":\"https:\/\/mafercolectores.com\/wp-content\/uploads\/2025\/07\/1.png\",\"contentUrl\":\"https:\/\/mafercolectores.com\/wp-content\/uploads\/2025\/07\/1.png\",\"width\":326,\"height\":125,\"caption\":\"Mafer Colectores\"},\"image\":{\"@id\":\"https:\/\/mafercolectores.com\/#\/schema\/logo\/image\/\"}}]}<\/script>\n<!-- \/ Yoast SEO plugin. -->","yoast_head_json":{"title":"Pol\u00edtica de Privacidad - Mafer Colectores","robots":{"index":"index","follow":"follow","max-snippet":"max-snippet:-1","max-image-preview":"max-image-preview:large","max-video-preview":"max-video-preview:-1"},"canonical":"https:\/\/mafercolectores.com\/de\/politica-de-privacidad\/","og_locale":"de_DE","og_type":"article","og_title":"Pol\u00edtica de Privacidad - Mafer Colectores","og_description":"1.- INFORMACI\u00d3N AL USUARIO El sitio web informa a los usuarios del sitio web sobre su pol\u00edtica respecto al tratamiento y protecci\u00f3n de los datos de car\u00e1cter personal de los usuarios y clientes que puedan ser solicitados por la navegaci\u00f3n a trav\u00e9s de su sitio web. El sitio web es el Responsable del tratamiento de [&hellip;]","og_url":"https:\/\/mafercolectores.com\/de\/politica-de-privacidad\/","og_site_name":"Mafer Colectores","article_modified_time":"2025-07-23T13:15:36+00:00","twitter_card":"summary_large_image","twitter_misc":{"Gesch\u00e4tzte Lesezeit":"3\u00a0Minuten"},"schema":{"@context":"https:\/\/schema.org","@graph":[{"@type":"WebPage","@id":"https:\/\/mafercolectores.com\/politica-de-privacidad\/","url":"https:\/\/mafercolectores.com\/politica-de-privacidad\/","name":"Pol\u00edtica de Privacidad - Mafer Colectores","isPartOf":{"@id":"https:\/\/mafercolectores.com\/#website"},"datePublished":"2025-03-28T19:10:30+00:00","dateModified":"2025-07-23T13:15:36+00:00","breadcrumb":{"@id":"https:\/\/mafercolectores.com\/politica-de-privacidad\/#breadcrumb"},"inLanguage":"de","potentialAction":[{"@type":"ReadAction","target":["https:\/\/mafercolectores.com\/politica-de-privacidad\/"]}]},{"@type":"BreadcrumbList","@id":"https:\/\/mafercolectores.com\/politica-de-privacidad\/#breadcrumb","itemListElement":[{"@type":"ListItem","position":1,"name":"Portada","item":"https:\/\/mafercolectores.com\/"},{"@type":"ListItem","position":2,"name":"Pol\u00edtica de Privacidad"}]},{"@type":"WebSite","@id":"https:\/\/mafercolectores.com\/#website","url":"https:\/\/mafercolectores.com\/","name":"Mafer-Sammler","description":"Kundenspezifische Fertigung von kommutatoren f\u00fcr Industriemotoren","publisher":{"@id":"https:\/\/mafercolectores.com\/#organization"},"potentialAction":[{"@type":"SearchAction","target":{"@type":"EntryPoint","urlTemplate":"https:\/\/mafercolectores.com\/?s={search_term_string}"},"query-input":{"@type":"PropertyValueSpecification","valueRequired":true,"valueName":"search_term_string"}}],"inLanguage":"de"},{"@type":"Organization","@id":"https:\/\/mafercolectores.com\/#organization","name":"Mafer-Sammler","url":"https:\/\/mafercolectores.com\/","logo":{"@type":"ImageObject","inLanguage":"de","@id":"https:\/\/mafercolectores.com\/#\/schema\/logo\/image\/","url":"https:\/\/mafercolectores.com\/wp-content\/uploads\/2025\/07\/1.png","contentUrl":"https:\/\/mafercolectores.com\/wp-content\/uploads\/2025\/07\/1.png","width":326,"height":125,"caption":"Mafer Colectores"},"image":{"@id":"https:\/\/mafercolectores.com\/#\/schema\/logo\/image\/"}}]}},"_links":{"self":[{"href":"https:\/\/mafercolectores.com\/de\/wp-json\/wp\/v2\/pages\/31","targetHints":{"allow":["GET"]}}],"collection":[{"href":"https:\/\/mafercolectores.com\/de\/wp-json\/wp\/v2\/pages"}],"about":[{"href":"https:\/\/mafercolectores.com\/de\/wp-json\/wp\/v2\/types\/page"}],"author":[{"embeddable":true,"href":"https:\/\/mafercolectores.com\/de\/wp-json\/wp\/v2\/users\/1"}],"replies":[{"embeddable":true,"href":"https:\/\/mafercolectores.com\/de\/wp-json\/wp\/v2\/comments?post=31"}],"version-history":[{"count":6,"href":"https:\/\/mafercolectores.com\/de\/wp-json\/wp\/v2\/pages\/31\/revisions"}],"predecessor-version":[{"id":443,"href":"https:\/\/mafercolectores.com\/de\/wp-json\/wp\/v2\/pages\/31\/revisions\/443"}],"wp:attachment":[{"href":"https:\/\/mafercolectores.com\/de\/wp-json\/wp\/v2\/media?parent=31"}],"curies":[{"name":"wp","href":"https:\/\/api.w.org\/{rel}","templated":true}]}}