{"id":21,"date":"2025-03-28T16:06:23","date_gmt":"2025-03-28T19:06:23","guid":{"rendered":"https:\/\/innovacon.simplificandotuweb.com\/?page_id=21"},"modified":"2025-07-23T15:14:25","modified_gmt":"2025-07-23T13:14:25","slug":"declaracion-de-accesibilidad","status":"publish","type":"page","link":"https:\/\/mafercolectores.com\/de\/declaracion-de-accesibilidad\/","title":{"rendered":"Erkl\u00e4rung zur Barrierefreiheit"},"content":{"rendered":"<div data-elementor-type=\"wp-page\" data-elementor-id=\"21\" class=\"elementor elementor-21\" data-elementor-post-type=\"page\">\n\t\t\t\t<div class=\"elementor-element elementor-element-35b7acd e-flex e-con-boxed e-con e-parent\" data-id=\"35b7acd\" data-element_type=\"container\" data-settings=\"{&quot;background_background&quot;:&quot;classic&quot;}\">\n\t\t\t\t\t<div class=\"e-con-inner\">\n\t\t<div class=\"elementor-element elementor-element-55030b0 e-con-full e-flex e-con e-child\" data-id=\"55030b0\" data-element_type=\"container\">\n\t\t\t\t<div class=\"elementor-element elementor-element-9567a7e elementor-widget elementor-widget-heading\" data-id=\"9567a7e\" data-element_type=\"widget\" data-widget_type=\"heading.default\">\n\t\t\t\t<div class=\"elementor-widget-container\">\n\t\t\t\t\t<h1 class=\"elementor-heading-title elementor-size-default\">Erkl\u00e4rung zur Barrierefreiheit<\/h1>\t\t\t\t<\/div>\n\t\t\t\t<\/div>\n\t\t\t\t<\/div>\n\t\t\t\t\t<\/div>\n\t\t\t\t<\/div>\n\t\t<div class=\"elementor-element elementor-element-3821e740 e-flex e-con-boxed e-con e-parent\" data-id=\"3821e740\" data-element_type=\"container\">\n\t\t\t\t\t<div class=\"e-con-inner\">\n\t\t\t\t<div class=\"elementor-element elementor-element-1ff6b0de elementor-widget elementor-widget-text-editor\" data-id=\"1ff6b0de\" data-element_type=\"widget\" data-widget_type=\"text-editor.default\">\n\t\t\t\t<div class=\"elementor-widget-container\">\n\t\t\t\t\t\t\t\t\t\n<p><strong>Miguel Angel Fernandez Reina<\/strong> hat sich verpflichtet, seine Website gem\u00e4\u00df dem K\u00f6niglichen Dekret 1112\/2018 vom 7. September \u00fcber die Barrierefreiheit von Websites und mobilen Anwendungen des \u00f6ffentlichen Sektors barrierefrei zu gestalten. Diese Erkl\u00e4rung zur Barrierefreiheit gilt f\u00fcr diese Website.<\/p>\n\n<p><strong>Konformit\u00e4tsstatus<\/strong><\/p>\n\n<p>Diese Website wurde gem\u00e4\u00df RD 1112\/2018 entwickelt<\/p>\n\n<p><strong>Vorbereitung auf die n\u00e4chste Erkl\u00e4rung zur Barrierefreiheit<\/strong><\/p>\n\n<p>Diese Erkl\u00e4rung wurde am 20. April 2023 erstellt. Die zur Erstellung der Erkl\u00e4rung verwendete Methode war eine Selbsteinsch\u00e4tzung.<\/p>\n\n<p><strong>Kommentare und Kontaktinformationen<\/strong><\/p>\n\n<p>Sie k\u00f6nnen Mitteilungen zu den Anforderungen an die Barrierefreiheit (Artikel 10.2.a des K\u00f6niglichen Dekrets 1112\/2018) wie folgt \u00fcbermitteln:<\/p>\n\n<ul class=\"wp-block-list\">\n<li>Melden Sie jeden potenziellen Versto\u00df dieser Website<\/li>\n\n<li>\u00dcbermitteln Sie andere Schwierigkeiten beim Zugriff auf den Inhalt<\/li>\n\n<li>Senden Sie alle anderen Fragen oder Verbesserungsvorschl\u00e4ge bez\u00fcglich der Erreichbarkeit der Website \u00fcber das Kontaktformular auf dieser Website oder \u00fcber die Telefonnummer\u00a0<\/li>\n<\/ul>\n\n<p>Sie k\u00f6nnen vorlegen:<\/p>\n\n<ul class=\"wp-block-list\">\n<li>Beschwerde bez\u00fcglich der Einhaltung der Anforderungen des K\u00f6niglichen Dekrets 1112\/2018<\/li>\n\n<li>Anfrage nach barrierefreien Informationen zu:\n<ul class=\"wp-block-list\">\n<li>Inhalte, die vom Anwendungsbereich des K\u00f6niglichen Dekrets 1112\/2018 gem\u00e4\u00df den Bestimmungen in Artikel 3, Abschnitt 4 ausgeschlossen sind<\/li>\n\n<li>Inhalte, die von der Einhaltung der Barrierefreiheitsanforderungen ausgenommen sind, weil sie eine unverh\u00e4ltnism\u00e4\u00dfige Belastung darstellen<\/li>\n\n<li>In der Anfrage nach zug\u00e4nglichen Informationen m\u00fcssen die Fakten, Gr\u00fcnde und die Anfrage klar dargelegt werden, um nachzuweisen, dass es sich um eine angemessene und legitime Anfrage handelt.<\/li>\n<\/ul>\n<\/li>\n<\/ul>\n\n<p>Beschwerden und Anspr\u00fcche bez\u00fcglich zug\u00e4nglicher Informationen werden \u00fcber die elektronische Zentrale (<strong><a href=\"https:\/\/sede.red.gob.es\/procedimientos\/quejas-y-sugerencias\">https:\/\/sede.red.gob.es\/procedimientos\/quejas-y-sugerencias<\/a><\/strong>) und werden vom Bereich Informationssysteme von Red.es empfangen und verarbeitet.<\/p>\n\n<p><strong>Optionaler Inhalt<\/strong><\/p>\n\n<ul class=\"wp-block-list\">\n<li>Um die Schriftgr\u00f6\u00dfe in den g\u00e4ngigen Grafikbrowsern zu \u00e4ndern, verwenden Sie die folgenden Men\u00fcs:<\/li>\n\n<li>Safari: Ansicht &gt; Text vergr\u00f6\u00dfern<\/li>\n\n<li>Chrome: Aktuelle Seite steuern &gt; Textgr\u00f6\u00dfe<\/li>\n<\/ul>\n\n<p>So \u00e4ndern Sie die Gr\u00f6\u00dfe aller Elemente auf der Seite:<\/p>\n\n<ul class=\"wp-block-list\">\n<li>Strg++ zum Erh\u00f6hen<\/li>\n\n<li>Strg + \u2013 zum Verringern<\/li>\n\n<li>Strg + 0 stellt die urspr\u00fcngliche Textgr\u00f6\u00dfe wieder her<\/li>\n\n<li>Wenn Sie das Stylesheet \u00fcberschreiben oder die Farbe des Textes \u00e4ndern m\u00f6chten, k\u00f6nnen Sie die Seite \u201eSo \u00e4ndern Sie Textgr\u00f6\u00dfe oder -farben\u201c der WAI konsultieren, die in der spanischen \u00dcbersetzung als \u201eSo \u00e4ndern Sie Textgr\u00f6\u00dfe oder -farben?\u201c gelesen werden kann.<\/li>\n<\/ul>\n\t\t\t\t\t\t\t\t<\/div>\n\t\t\t\t<\/div>\n\t\t\t\t\t<\/div>\n\t\t\t\t<\/div>\n\t\t\t\t<\/div>","protected":false},"excerpt":{"rendered":"<p>MIGUEL \u00c1NGEL FERN\u00c1NDEZ REINA se ha comprometido a hacer accesible su sitio web, conforme al Real Decreto 1112\/2018, de 7 de septiembre, sobre accesibilidad de los sitios web y aplicaciones para dispositivos m\u00f3viles del sector p\u00fablico. Esta declaraci\u00f3n de accesibilidad se aplica a esta web. Situaci\u00f3n de cumplimiento Este sitio web est\u00e1 desarrollado seg\u00fan el [&hellip;]<\/p>","protected":false},"author":1,"featured_media":0,"parent":0,"menu_order":0,"comment_status":"closed","ping_status":"closed","template":"","meta":{"footnotes":""},"class_list":["post-21","page","type-page","status-publish","hentry"],"yoast_head":"<!-- This site is optimized with the Yoast SEO plugin v26.4 - https:\/\/yoast.com\/wordpress\/plugins\/seo\/ -->\n<title>Declaraci\u00f3n de Accesibilidad - Mafer Colectores<\/title>\n<meta name=\"robots\" content=\"index, follow, max-snippet:-1, max-image-preview:large, max-video-preview:-1\" \/>\n<link rel=\"canonical\" href=\"https:\/\/mafercolectores.com\/de\/declaracion-de-accesibilidad\/\" \/>\n<meta property=\"og:locale\" content=\"de_DE\" \/>\n<meta property=\"og:type\" content=\"article\" \/>\n<meta property=\"og:title\" content=\"Declaraci\u00f3n de Accesibilidad - Mafer Colectores\" \/>\n<meta property=\"og:description\" content=\"MIGUEL \u00c1NGEL FERN\u00c1NDEZ REINA se ha comprometido a hacer accesible su sitio web, conforme al Real Decreto 1112\/2018, de 7 de septiembre, sobre accesibilidad de los sitios web y aplicaciones para dispositivos m\u00f3viles del sector p\u00fablico. Esta declaraci\u00f3n de accesibilidad se aplica a esta web. Situaci\u00f3n de cumplimiento Este sitio web est\u00e1 desarrollado seg\u00fan el [&hellip;]\" \/>\n<meta property=\"og:url\" content=\"https:\/\/mafercolectores.com\/de\/declaracion-de-accesibilidad\/\" \/>\n<meta property=\"og:site_name\" content=\"Mafer Colectores\" \/>\n<meta property=\"article:modified_time\" content=\"2025-07-23T13:14:25+00:00\" \/>\n<meta name=\"twitter:card\" content=\"summary_large_image\" \/>\n<meta name=\"twitter:label1\" content=\"Gesch\u00e4tzte Lesezeit\" \/>\n\t<meta name=\"twitter:data1\" content=\"2\u00a0Minuten\" \/>\n<script type=\"application\/ld+json\" class=\"yoast-schema-graph\">{\"@context\":\"https:\/\/schema.org\",\"@graph\":[{\"@type\":\"WebPage\",\"@id\":\"https:\/\/mafercolectores.com\/declaracion-de-accesibilidad\/\",\"url\":\"https:\/\/mafercolectores.com\/declaracion-de-accesibilidad\/\",\"name\":\"Declaraci\u00f3n de Accesibilidad - Mafer Colectores\",\"isPartOf\":{\"@id\":\"https:\/\/mafercolectores.com\/#website\"},\"datePublished\":\"2025-03-28T19:06:23+00:00\",\"dateModified\":\"2025-07-23T13:14:25+00:00\",\"breadcrumb\":{\"@id\":\"https:\/\/mafercolectores.com\/declaracion-de-accesibilidad\/#breadcrumb\"},\"inLanguage\":\"de\",\"potentialAction\":[{\"@type\":\"ReadAction\",\"target\":[\"https:\/\/mafercolectores.com\/declaracion-de-accesibilidad\/\"]}]},{\"@type\":\"BreadcrumbList\",\"@id\":\"https:\/\/mafercolectores.com\/declaracion-de-accesibilidad\/#breadcrumb\",\"itemListElement\":[{\"@type\":\"ListItem\",\"position\":1,\"name\":\"Portada\",\"item\":\"https:\/\/mafercolectores.com\/\"},{\"@type\":\"ListItem\",\"position\":2,\"name\":\"Declaraci\u00f3n de Accesibilidad\"}]},{\"@type\":\"WebSite\",\"@id\":\"https:\/\/mafercolectores.com\/#website\",\"url\":\"https:\/\/mafercolectores.com\/\",\"name\":\"Mafer Colectores\",\"description\":\"Fabricaci\u00f3n a medida de colectores para motores industriales\",\"publisher\":{\"@id\":\"https:\/\/mafercolectores.com\/#organization\"},\"potentialAction\":[{\"@type\":\"SearchAction\",\"target\":{\"@type\":\"EntryPoint\",\"urlTemplate\":\"https:\/\/mafercolectores.com\/?s={search_term_string}\"},\"query-input\":{\"@type\":\"PropertyValueSpecification\",\"valueRequired\":true,\"valueName\":\"search_term_string\"}}],\"inLanguage\":\"de\"},{\"@type\":\"Organization\",\"@id\":\"https:\/\/mafercolectores.com\/#organization\",\"name\":\"Mafer Colectores\",\"url\":\"https:\/\/mafercolectores.com\/\",\"logo\":{\"@type\":\"ImageObject\",\"inLanguage\":\"de\",\"@id\":\"https:\/\/mafercolectores.com\/#\/schema\/logo\/image\/\",\"url\":\"https:\/\/mafercolectores.com\/wp-content\/uploads\/2025\/07\/1.png\",\"contentUrl\":\"https:\/\/mafercolectores.com\/wp-content\/uploads\/2025\/07\/1.png\",\"width\":326,\"height\":125,\"caption\":\"Mafer Colectores\"},\"image\":{\"@id\":\"https:\/\/mafercolectores.com\/#\/schema\/logo\/image\/\"}}]}<\/script>\n<!-- \/ Yoast SEO plugin. -->","yoast_head_json":{"title":"Declaraci\u00f3n de Accesibilidad - Mafer Colectores","robots":{"index":"index","follow":"follow","max-snippet":"max-snippet:-1","max-image-preview":"max-image-preview:large","max-video-preview":"max-video-preview:-1"},"canonical":"https:\/\/mafercolectores.com\/de\/declaracion-de-accesibilidad\/","og_locale":"de_DE","og_type":"article","og_title":"Declaraci\u00f3n de Accesibilidad - Mafer Colectores","og_description":"MIGUEL \u00c1NGEL FERN\u00c1NDEZ REINA se ha comprometido a hacer accesible su sitio web, conforme al Real Decreto 1112\/2018, de 7 de septiembre, sobre accesibilidad de los sitios web y aplicaciones para dispositivos m\u00f3viles del sector p\u00fablico. Esta declaraci\u00f3n de accesibilidad se aplica a esta web. Situaci\u00f3n de cumplimiento Este sitio web est\u00e1 desarrollado seg\u00fan el [&hellip;]","og_url":"https:\/\/mafercolectores.com\/de\/declaracion-de-accesibilidad\/","og_site_name":"Mafer Colectores","article_modified_time":"2025-07-23T13:14:25+00:00","twitter_card":"summary_large_image","twitter_misc":{"Gesch\u00e4tzte Lesezeit":"2\u00a0Minuten"},"schema":{"@context":"https:\/\/schema.org","@graph":[{"@type":"WebPage","@id":"https:\/\/mafercolectores.com\/declaracion-de-accesibilidad\/","url":"https:\/\/mafercolectores.com\/declaracion-de-accesibilidad\/","name":"Declaraci\u00f3n de Accesibilidad - Mafer Colectores","isPartOf":{"@id":"https:\/\/mafercolectores.com\/#website"},"datePublished":"2025-03-28T19:06:23+00:00","dateModified":"2025-07-23T13:14:25+00:00","breadcrumb":{"@id":"https:\/\/mafercolectores.com\/declaracion-de-accesibilidad\/#breadcrumb"},"inLanguage":"de","potentialAction":[{"@type":"ReadAction","target":["https:\/\/mafercolectores.com\/declaracion-de-accesibilidad\/"]}]},{"@type":"BreadcrumbList","@id":"https:\/\/mafercolectores.com\/declaracion-de-accesibilidad\/#breadcrumb","itemListElement":[{"@type":"ListItem","position":1,"name":"Portada","item":"https:\/\/mafercolectores.com\/"},{"@type":"ListItem","position":2,"name":"Declaraci\u00f3n de Accesibilidad"}]},{"@type":"WebSite","@id":"https:\/\/mafercolectores.com\/#website","url":"https:\/\/mafercolectores.com\/","name":"Mafer-Sammler","description":"Kundenspezifische Fertigung von kommutatoren f\u00fcr Industriemotoren","publisher":{"@id":"https:\/\/mafercolectores.com\/#organization"},"potentialAction":[{"@type":"SearchAction","target":{"@type":"EntryPoint","urlTemplate":"https:\/\/mafercolectores.com\/?s={search_term_string}"},"query-input":{"@type":"PropertyValueSpecification","valueRequired":true,"valueName":"search_term_string"}}],"inLanguage":"de"},{"@type":"Organization","@id":"https:\/\/mafercolectores.com\/#organization","name":"Mafer-Sammler","url":"https:\/\/mafercolectores.com\/","logo":{"@type":"ImageObject","inLanguage":"de","@id":"https:\/\/mafercolectores.com\/#\/schema\/logo\/image\/","url":"https:\/\/mafercolectores.com\/wp-content\/uploads\/2025\/07\/1.png","contentUrl":"https:\/\/mafercolectores.com\/wp-content\/uploads\/2025\/07\/1.png","width":326,"height":125,"caption":"Mafer Colectores"},"image":{"@id":"https:\/\/mafercolectores.com\/#\/schema\/logo\/image\/"}}]}},"_links":{"self":[{"href":"https:\/\/mafercolectores.com\/de\/wp-json\/wp\/v2\/pages\/21","targetHints":{"allow":["GET"]}}],"collection":[{"href":"https:\/\/mafercolectores.com\/de\/wp-json\/wp\/v2\/pages"}],"about":[{"href":"https:\/\/mafercolectores.com\/de\/wp-json\/wp\/v2\/types\/page"}],"author":[{"embeddable":true,"href":"https:\/\/mafercolectores.com\/de\/wp-json\/wp\/v2\/users\/1"}],"replies":[{"embeddable":true,"href":"https:\/\/mafercolectores.com\/de\/wp-json\/wp\/v2\/comments?post=21"}],"version-history":[{"count":7,"href":"https:\/\/mafercolectores.com\/de\/wp-json\/wp\/v2\/pages\/21\/revisions"}],"predecessor-version":[{"id":436,"href":"https:\/\/mafercolectores.com\/de\/wp-json\/wp\/v2\/pages\/21\/revisions\/436"}],"wp:attachment":[{"href":"https:\/\/mafercolectores.com\/de\/wp-json\/wp\/v2\/media?parent=21"}],"curies":[{"name":"wp","href":"https:\/\/api.w.org\/{rel}","templated":true}]}}