{"id":18,"date":"2025-03-28T16:03:06","date_gmt":"2025-03-28T19:03:06","guid":{"rendered":"https:\/\/innovacon.simplificandotuweb.com\/?page_id=18"},"modified":"2025-07-23T15:15:40","modified_gmt":"2025-07-23T13:15:40","slug":"aviso-legal","status":"publish","type":"page","link":"https:\/\/mafercolectores.com\/de\/aviso-legal\/","title":{"rendered":"Rechtliche Hinweise"},"content":{"rendered":"<div data-elementor-type=\"wp-page\" data-elementor-id=\"18\" class=\"elementor elementor-18\" data-elementor-post-type=\"page\">\n\t\t\t\t<div class=\"elementor-element elementor-element-9e7190c e-flex e-con-boxed e-con e-parent\" data-id=\"9e7190c\" data-element_type=\"container\" data-settings=\"{&quot;background_background&quot;:&quot;classic&quot;}\">\n\t\t\t\t\t<div class=\"e-con-inner\">\n\t\t<div class=\"elementor-element elementor-element-90e9fe2 e-flex e-con-boxed e-con e-child\" data-id=\"90e9fe2\" data-element_type=\"container\">\n\t\t\t\t\t<div class=\"e-con-inner\">\n\t\t\t\t<div class=\"elementor-element elementor-element-e59805d elementor-widget elementor-widget-heading\" data-id=\"e59805d\" data-element_type=\"widget\" data-widget_type=\"heading.default\">\n\t\t\t\t<div class=\"elementor-widget-container\">\n\t\t\t\t\t<h1 class=\"elementor-heading-title elementor-size-default\">Rechtliche Hinweise<\/h1>\t\t\t\t<\/div>\n\t\t\t\t<\/div>\n\t\t\t\t\t<\/div>\n\t\t\t\t<\/div>\n\t\t\t\t\t<\/div>\n\t\t\t\t<\/div>\n\t\t<div class=\"elementor-element elementor-element-56ed99a9 e-flex e-con-boxed e-con e-parent\" data-id=\"56ed99a9\" data-element_type=\"container\">\n\t\t\t\t\t<div class=\"e-con-inner\">\n\t\t\t\t<div class=\"elementor-element elementor-element-7ab1310b elementor-widget elementor-widget-text-editor\" data-id=\"7ab1310b\" data-element_type=\"widget\" data-widget_type=\"text-editor.default\">\n\t\t\t\t<div class=\"elementor-widget-container\">\n\t\t\t\t\t\t\t\t\t\n<p><strong>Verantwortlicher<\/strong><\/p>\n\n<p>In Erf\u00fcllung der Informationspflicht gem\u00e4\u00df Gesetz 34\/2002 vom 11. Juli \u00fcber Dienste der Informationsgesellschaft und elektronischen Handel informieren wir Sie, dass diese Website Eigentum von:<\/p>\n\n<ul class=\"wp-block-list\">\n<li><strong data-renderer-mark=\"true\">Unternehmen:<\/strong> Miguel Angel Fernandez Reina<\/li>\n<li><strong data-renderer-mark=\"true\">NIF:<\/strong> 34750438Z<\/li>\n<li><strong data-renderer-mark=\"true\">Verantwortlich:<\/strong> S\u00e4ule<\/li>\n<li><strong data-renderer-mark=\"true\">Heim:<\/strong> Emp\u00faries Stra\u00dfe, 5<\/li>\n<li><strong data-renderer-mark=\"true\">Postleitzahl und Einwohnerzahl:<\/strong> 08184 Palau-solit\u00e0 i Plegamans (Barcelona)<\/li>\n<li><strong data-renderer-mark=\"true\">Telefon:<\/strong> 617702124 (S\u00e4ule)<\/li>\n<li><strong data-renderer-mark=\"true\">Mail:<\/strong> <a class=\"css-1rn59kg\" title=\"mailto:mafercolectores@gmail.com\" href=\"mailto:mafercolectores@gmail.com\" data-testid=\"link-with-safety\" data-renderer-mark=\"true\">mafercolectores@gmail.com<\/a><\/li>\n<\/ul>\n\n<p><strong>Objekt<\/strong><\/p>\n\n<p>Der Verantwortliche stellt den Nutzern dieses Dokument zur Verf\u00fcgung, um die Bestimmungen der geltenden Datenschutzvorschriften und im Kontext des neuen Rechtsrahmens, der durch die Bestimmungen der Verordnung (EU) 2016\/679 des Europ\u00e4ischen Parlaments und des Rates vom 27. April 2016 zum Schutz nat\u00fcrlicher Personen bei der Verarbeitung personenbezogener Daten und zum freien Datenverkehr (nachfolgend \u201eDSGVO\u201c) sowie durch nationale Vorschriften zum Schutz personenbezogener Daten geschaffen wurde, einzuhalten und um alle Nutzer der Website \u00fcber deren Nutzungsbedingungen zu informieren. Jede Person, die auf diese Website zugreift, \u00fcbernimmt die Rolle des Nutzers und verpflichtet sich zur Beachtung und strikten Einhaltung der hier dargelegten Bestimmungen sowie aller anderen geltenden gesetzlichen Bestimmungen. Der Verantwortliche beh\u00e4lt sich das Recht vor, jegliche Art von Informationen, die auf der Website erscheinen, zu \u00e4ndern, ohne verpflichtet zu sein, die Nutzer \u00fcber diese Verpflichtungen zu informieren oder zu informieren, wobei die Ver\u00f6ffentlichung auf der Website des Verantwortlichen als ausreichend gilt.<\/p>\n\n<p><strong>Verantwortung<\/strong><\/p>\n\n<p>Der Verantwortliche lehnt jegliche Haftung ab, die sich aus den auf seiner Website ver\u00f6ffentlichten Informationen ergibt, sofern diese Informationen von einem anderen Dritten als dem Verantwortlichen manipuliert oder eingegeben wurden.<\/p>\n\n<p><strong>IP-Adressen<\/strong><\/p>\n\n<p>Die Server der Website erkennen automatisch die vom Benutzer verwendete IP-Adresse und den Dom\u00e4nennamen. Eine IP-Adresse ist eine Nummer, die einem Computer automatisch zugewiesen wird, wenn er eine Verbindung zum Internet herstellt. Alle diese Informationen werden in einem ordnungsgem\u00e4\u00df registrierten Serveraktivit\u00e4tsprotokoll aufgezeichnet, das eine sp\u00e4tere Verarbeitung der Daten erm\u00f6glicht, um rein statistische Messungen wie die Anzahl der Seitenaufrufe, die Anzahl der Besuche auf den Webservern, die Reihenfolge der Besuche, den Zugriffspunkt usw. zu erhalten.<\/p>\n\n<p><strong>Link-Richtlinie<\/strong><\/p>\n\n<p>Von dieser Website aus k\u00f6nnen Sie auf Inhalte von Websites Dritter weitergeleitet werden. Da der Verantwortliche die von Dritten auf deren Websites ver\u00f6ffentlichten Inhalte nicht immer kontrollieren kann, \u00fcbernimmt er keine Verantwortung f\u00fcr diese Inhalte. Der Verantwortliche erkl\u00e4rt in jedem Fall, dass er alle Inhalte, die gegen nationale oder internationale Gesetze, die guten Sitten oder die \u00f6ffentliche Ordnung versto\u00dfen, unverz\u00fcglich entfernen und die Weiterleitung auf diese Website unverz\u00fcglich aufheben und die zust\u00e4ndigen Beh\u00f6rden \u00fcber die betreffenden Inhalte informieren wird. Der Verantwortliche ist nicht verantwortlich f\u00fcr die gespeicherten Informationen und Inhalte, einschlie\u00dflich, aber nicht beschr\u00e4nkt auf Foren, Chats, Blog-Generatoren, Kommentare, soziale Netzwerke oder andere Mittel, die es Dritten erm\u00f6glichen, Inhalte unabh\u00e4ngig auf der Website des Verantwortlichen zu ver\u00f6ffentlichen. Gem\u00e4\u00df den Bestimmungen des Art. 11 und 16 des spanischen Gesetzes \u00fcber Dienste der Informationsgesellschaft (LSSICE) steht der Verantwortliche jedoch allen Nutzern, Beh\u00f6rden und Sicherheitskr\u00e4ften zur Verf\u00fcgung und wirkt aktiv an der Entfernung oder gegebenenfalls Sperrung aller Inhalte mit, die nationale oder internationale Gesetze, Rechte Dritter oder die guten Sitten und die \u00f6ffentliche Ordnung beeintr\u00e4chtigen oder verletzen k\u00f6nnten. Wenn der Benutzer glaubt, dass die Website Inhalte enth\u00e4lt, die als solche eingestuft werden k\u00f6nnten, benachrichtigen Sie bitte umgehend den Website-Administrator. Diese Website wurde \u00fcberpr\u00fcft und getestet, um einen ordnungsgem\u00e4\u00dfen Betrieb zu gew\u00e4hrleisten. Grunds\u00e4tzlich kann ein ordnungsgem\u00e4\u00dfer Betrieb 365 Tage im Jahr, 24 Stunden am Tag gew\u00e4hrleistet werden. Der Verantwortliche schlie\u00dft jedoch nicht aus, dass Programmierfehler auftreten oder dass diese durch h\u00f6here Gewalt, Naturkatastrophen, Streiks oder \u00e4hnliche Umst\u00e4nde verursacht werden, die den Zugriff auf die Website unm\u00f6glich machen.<\/p>\n\n<p><strong>Datenschutz<\/strong><\/p>\n\n<p>Der Verantwortliche verpflichtet sich ausdr\u00fccklich zur Einhaltung der geltenden Datenschutzbestimmungen und des neuen Rechtsrahmens, der durch die Bestimmungen der Verordnung (EU) 2016\/679 des Europ\u00e4ischen Parlaments und des Rates vom 27. April 2016 zum Schutz nat\u00fcrlicher Personen bei der Verarbeitung personenbezogener Daten und zum freien Datenverkehr (im Folgenden \u201eDSGVO\u201c) sowie durch die nationalen Datenschutzbestimmungen geschaffen wurde. Der Verantwortliche informiert Sie au\u00dferdem, dass er das Gesetz 34\/2002 vom 11. Juli \u00fcber Dienste der Informationsgesellschaft und elektronischen Handel einh\u00e4lt und Sie jederzeit um Ihre Zustimmung zur Verarbeitung Ihrer Daten f\u00fcr kommerzielle Zwecke bittet.<\/p>\n\n<p><strong>Geistiges und gewerbliches Eigentum<\/strong><\/p>\n\n<p>Die Website, einschlie\u00dflich, aber nicht beschr\u00e4nkt auf ihre Programmierung, Bearbeitung, Zusammenstellung und andere f\u00fcr ihren Betrieb notwendige Elemente, Designs, Logos, Texte und\/oder Grafiken, ist Eigentum des Verantwortlichen oder verf\u00fcgt gegebenenfalls \u00fcber eine Lizenz oder ausdr\u00fcckliche Genehmigung der Urheber. Alle Inhalte der Website sind durch die Bestimmungen zum geistigen und gewerblichen Eigentum gesch\u00fctzt. Unabh\u00e4ngig vom Verwendungszweck bedarf die vollst\u00e4ndige oder teilweise Vervielf\u00e4ltigung, Nutzung, Verwertung, Verbreitung und Vermarktung stets der vorherigen schriftlichen Genehmigung des Verantwortlichen. Jede nicht zuvor vom Verantwortlichen genehmigte Nutzung gilt als schwerwiegende Verletzung der geistigen oder gewerblichen Eigentumsrechte des Urhebers. Designs, Logos, Texte und\/oder Grafiken, die nicht dem Verantwortlichen geh\u00f6ren und auf der Website erscheinen, geh\u00f6ren ihren jeweiligen Eigent\u00fcmern, die f\u00fcr etwaige Streitigkeiten in Bezug auf diese verantwortlich sind. In jedem Fall verf\u00fcgt der Verantwortliche \u00fcber dessen ausdr\u00fcckliche vorherige Genehmigung. Der Verantwortliche erm\u00e4chtigt Dritte ausdr\u00fccklich, direkt auf bestimmte Inhalte der Website umzuleiten. In jedem Fall m\u00fcssen sie auf die Homepage des Verantwortlichen umleiten. Der Verantwortliche erkennt die entsprechenden geistigen und gewerblichen Eigentumsrechte ihrer Inhaber an. Ihre blo\u00dfe Erw\u00e4hnung oder ihr Erscheinen auf der Website impliziert weder das Bestehen von Rechten oder die Verantwortung des Verantwortlichen in Bezug auf diese Rechte noch deren Unterst\u00fctzung, F\u00f6rderung oder Empfehlung. Bei allen Bildern, sofern die Designsoftware dies zul\u00e4sst, wurden die entsprechenden Hinweise auf die Urheberschaft und die entsprechende Lizenz eingef\u00fcgt. Hinweise zu m\u00f6glichen Verletzungen der geistigen oder gewerblichen Eigentumsrechte sowie zu Inhalten der Website k\u00f6nnen Sie uns per E-Mail an folgende Adresse senden: <a class=\"css-1rn59kg\" title=\"mailto:mafercolectores@gmail.com\" href=\"mailto:mafercolectores@gmail.com\" data-testid=\"link-with-safety\" data-renderer-mark=\"true\">mafercolectores@gmail.com<\/a><\/p>\n\n<p>\u00a0<\/p>\n\t\t\t\t\t\t\t\t<\/div>\n\t\t\t\t<\/div>\n\t\t\t\t\t<\/div>\n\t\t\t\t<\/div>\n\t\t\t\t<\/div>","protected":false},"excerpt":{"rendered":"<p>Responsable del tratamiento de los datos En cumplimiento del deber de informaci\u00f3n que establece la Ley La 34\/2002, de 11 de julio, de Servicios de la Sociedad de la Informaci\u00f3n y del Comercio Electr\u00f3nico, le comunicamos que esta web es titularidad de: Objeto El Responsable pone a disposici\u00f3n de los usuarios este documento con el [&hellip;]<\/p>","protected":false},"author":1,"featured_media":0,"parent":0,"menu_order":0,"comment_status":"closed","ping_status":"closed","template":"","meta":{"footnotes":""},"class_list":["post-18","page","type-page","status-publish","hentry"],"yoast_head":"<!-- This site is optimized with the Yoast SEO plugin v26.4 - https:\/\/yoast.com\/wordpress\/plugins\/seo\/ -->\n<title>Aviso Legal - Mafer Colectores<\/title>\n<meta name=\"robots\" content=\"index, follow, max-snippet:-1, max-image-preview:large, max-video-preview:-1\" \/>\n<link rel=\"canonical\" href=\"https:\/\/mafercolectores.com\/de\/aviso-legal\/\" \/>\n<meta property=\"og:locale\" content=\"de_DE\" \/>\n<meta property=\"og:type\" content=\"article\" \/>\n<meta property=\"og:title\" content=\"Aviso Legal - Mafer Colectores\" \/>\n<meta property=\"og:description\" content=\"Responsable del tratamiento de los datos En cumplimiento del deber de informaci\u00f3n que establece la Ley La 34\/2002, de 11 de julio, de Servicios de la Sociedad de la Informaci\u00f3n y del Comercio Electr\u00f3nico, le comunicamos que esta web es titularidad de: Objeto El Responsable pone a disposici\u00f3n de los usuarios este documento con el [&hellip;]\" \/>\n<meta property=\"og:url\" content=\"https:\/\/mafercolectores.com\/de\/aviso-legal\/\" \/>\n<meta property=\"og:site_name\" content=\"Mafer Colectores\" \/>\n<meta property=\"article:modified_time\" content=\"2025-07-23T13:15:40+00:00\" \/>\n<meta name=\"twitter:card\" content=\"summary_large_image\" \/>\n<meta name=\"twitter:label1\" content=\"Gesch\u00e4tzte Lesezeit\" \/>\n\t<meta name=\"twitter:data1\" content=\"6\u00a0Minuten\" \/>\n<script type=\"application\/ld+json\" class=\"yoast-schema-graph\">{\"@context\":\"https:\/\/schema.org\",\"@graph\":[{\"@type\":\"WebPage\",\"@id\":\"https:\/\/mafercolectores.com\/aviso-legal\/\",\"url\":\"https:\/\/mafercolectores.com\/aviso-legal\/\",\"name\":\"Aviso Legal - Mafer Colectores\",\"isPartOf\":{\"@id\":\"https:\/\/mafercolectores.com\/#website\"},\"datePublished\":\"2025-03-28T19:03:06+00:00\",\"dateModified\":\"2025-07-23T13:15:40+00:00\",\"breadcrumb\":{\"@id\":\"https:\/\/mafercolectores.com\/aviso-legal\/#breadcrumb\"},\"inLanguage\":\"de\",\"potentialAction\":[{\"@type\":\"ReadAction\",\"target\":[\"https:\/\/mafercolectores.com\/aviso-legal\/\"]}]},{\"@type\":\"BreadcrumbList\",\"@id\":\"https:\/\/mafercolectores.com\/aviso-legal\/#breadcrumb\",\"itemListElement\":[{\"@type\":\"ListItem\",\"position\":1,\"name\":\"Portada\",\"item\":\"https:\/\/mafercolectores.com\/\"},{\"@type\":\"ListItem\",\"position\":2,\"name\":\"Aviso Legal\"}]},{\"@type\":\"WebSite\",\"@id\":\"https:\/\/mafercolectores.com\/#website\",\"url\":\"https:\/\/mafercolectores.com\/\",\"name\":\"Mafer Colectores\",\"description\":\"Fabricaci\u00f3n a medida de colectores para motores industriales\",\"publisher\":{\"@id\":\"https:\/\/mafercolectores.com\/#organization\"},\"potentialAction\":[{\"@type\":\"SearchAction\",\"target\":{\"@type\":\"EntryPoint\",\"urlTemplate\":\"https:\/\/mafercolectores.com\/?s={search_term_string}\"},\"query-input\":{\"@type\":\"PropertyValueSpecification\",\"valueRequired\":true,\"valueName\":\"search_term_string\"}}],\"inLanguage\":\"de\"},{\"@type\":\"Organization\",\"@id\":\"https:\/\/mafercolectores.com\/#organization\",\"name\":\"Mafer Colectores\",\"url\":\"https:\/\/mafercolectores.com\/\",\"logo\":{\"@type\":\"ImageObject\",\"inLanguage\":\"de\",\"@id\":\"https:\/\/mafercolectores.com\/#\/schema\/logo\/image\/\",\"url\":\"https:\/\/mafercolectores.com\/wp-content\/uploads\/2025\/07\/1.png\",\"contentUrl\":\"https:\/\/mafercolectores.com\/wp-content\/uploads\/2025\/07\/1.png\",\"width\":326,\"height\":125,\"caption\":\"Mafer Colectores\"},\"image\":{\"@id\":\"https:\/\/mafercolectores.com\/#\/schema\/logo\/image\/\"}}]}<\/script>\n<!-- \/ Yoast SEO plugin. -->","yoast_head_json":{"title":"Aviso Legal - Mafer Colectores","robots":{"index":"index","follow":"follow","max-snippet":"max-snippet:-1","max-image-preview":"max-image-preview:large","max-video-preview":"max-video-preview:-1"},"canonical":"https:\/\/mafercolectores.com\/de\/aviso-legal\/","og_locale":"de_DE","og_type":"article","og_title":"Aviso Legal - Mafer Colectores","og_description":"Responsable del tratamiento de los datos En cumplimiento del deber de informaci\u00f3n que establece la Ley La 34\/2002, de 11 de julio, de Servicios de la Sociedad de la Informaci\u00f3n y del Comercio Electr\u00f3nico, le comunicamos que esta web es titularidad de: Objeto El Responsable pone a disposici\u00f3n de los usuarios este documento con el [&hellip;]","og_url":"https:\/\/mafercolectores.com\/de\/aviso-legal\/","og_site_name":"Mafer Colectores","article_modified_time":"2025-07-23T13:15:40+00:00","twitter_card":"summary_large_image","twitter_misc":{"Gesch\u00e4tzte Lesezeit":"6\u00a0Minuten"},"schema":{"@context":"https:\/\/schema.org","@graph":[{"@type":"WebPage","@id":"https:\/\/mafercolectores.com\/aviso-legal\/","url":"https:\/\/mafercolectores.com\/aviso-legal\/","name":"Aviso Legal - Mafer Colectores","isPartOf":{"@id":"https:\/\/mafercolectores.com\/#website"},"datePublished":"2025-03-28T19:03:06+00:00","dateModified":"2025-07-23T13:15:40+00:00","breadcrumb":{"@id":"https:\/\/mafercolectores.com\/aviso-legal\/#breadcrumb"},"inLanguage":"de","potentialAction":[{"@type":"ReadAction","target":["https:\/\/mafercolectores.com\/aviso-legal\/"]}]},{"@type":"BreadcrumbList","@id":"https:\/\/mafercolectores.com\/aviso-legal\/#breadcrumb","itemListElement":[{"@type":"ListItem","position":1,"name":"Portada","item":"https:\/\/mafercolectores.com\/"},{"@type":"ListItem","position":2,"name":"Aviso Legal"}]},{"@type":"WebSite","@id":"https:\/\/mafercolectores.com\/#website","url":"https:\/\/mafercolectores.com\/","name":"Mafer-Sammler","description":"Kundenspezifische Fertigung von kommutatoren f\u00fcr Industriemotoren","publisher":{"@id":"https:\/\/mafercolectores.com\/#organization"},"potentialAction":[{"@type":"SearchAction","target":{"@type":"EntryPoint","urlTemplate":"https:\/\/mafercolectores.com\/?s={search_term_string}"},"query-input":{"@type":"PropertyValueSpecification","valueRequired":true,"valueName":"search_term_string"}}],"inLanguage":"de"},{"@type":"Organization","@id":"https:\/\/mafercolectores.com\/#organization","name":"Mafer-Sammler","url":"https:\/\/mafercolectores.com\/","logo":{"@type":"ImageObject","inLanguage":"de","@id":"https:\/\/mafercolectores.com\/#\/schema\/logo\/image\/","url":"https:\/\/mafercolectores.com\/wp-content\/uploads\/2025\/07\/1.png","contentUrl":"https:\/\/mafercolectores.com\/wp-content\/uploads\/2025\/07\/1.png","width":326,"height":125,"caption":"Mafer Colectores"},"image":{"@id":"https:\/\/mafercolectores.com\/#\/schema\/logo\/image\/"}}]}},"_links":{"self":[{"href":"https:\/\/mafercolectores.com\/de\/wp-json\/wp\/v2\/pages\/18","targetHints":{"allow":["GET"]}}],"collection":[{"href":"https:\/\/mafercolectores.com\/de\/wp-json\/wp\/v2\/pages"}],"about":[{"href":"https:\/\/mafercolectores.com\/de\/wp-json\/wp\/v2\/types\/page"}],"author":[{"embeddable":true,"href":"https:\/\/mafercolectores.com\/de\/wp-json\/wp\/v2\/users\/1"}],"replies":[{"embeddable":true,"href":"https:\/\/mafercolectores.com\/de\/wp-json\/wp\/v2\/comments?post=18"}],"version-history":[{"count":9,"href":"https:\/\/mafercolectores.com\/de\/wp-json\/wp\/v2\/pages\/18\/revisions"}],"predecessor-version":[{"id":446,"href":"https:\/\/mafercolectores.com\/de\/wp-json\/wp\/v2\/pages\/18\/revisions\/446"}],"wp:attachment":[{"href":"https:\/\/mafercolectores.com\/de\/wp-json\/wp\/v2\/media?parent=18"}],"curies":[{"name":"wp","href":"https:\/\/api.w.org\/{rel}","templated":true}]}}