{"id":16,"date":"2025-03-28T15:59:16","date_gmt":"2025-03-28T18:59:16","guid":{"rendered":"https:\/\/innovacon.simplificandotuweb.com\/?page_id=16"},"modified":"2025-07-23T15:15:43","modified_gmt":"2025-07-23T13:15:43","slug":"politica-de-cookies","status":"publish","type":"page","link":"https:\/\/mafercolectores.com\/de\/politica-de-cookies\/","title":{"rendered":"Cookie-Richtlinie"},"content":{"rendered":"<div data-elementor-type=\"wp-page\" data-elementor-id=\"16\" class=\"elementor elementor-16\" data-elementor-post-type=\"page\">\n\t\t\t\t<div class=\"elementor-element elementor-element-8a9614a e-flex e-con-boxed e-con e-parent\" data-id=\"8a9614a\" data-element_type=\"container\" data-settings=\"{&quot;background_background&quot;:&quot;classic&quot;}\">\n\t\t\t\t\t<div class=\"e-con-inner\">\n\t\t<div class=\"elementor-element elementor-element-d3a8414 e-con-full e-flex e-con e-child\" data-id=\"d3a8414\" data-element_type=\"container\">\n\t\t\t\t<div class=\"elementor-element elementor-element-eb10e96 elementor-widget elementor-widget-heading\" data-id=\"eb10e96\" data-element_type=\"widget\" data-widget_type=\"heading.default\">\n\t\t\t\t<div class=\"elementor-widget-container\">\n\t\t\t\t\t<h1 class=\"elementor-heading-title elementor-size-default\">Cookie-Richtlinie<\/h1>\t\t\t\t<\/div>\n\t\t\t\t<\/div>\n\t\t\t\t<\/div>\n\t\t\t\t\t<\/div>\n\t\t\t\t<\/div>\n\t\t<div class=\"elementor-element elementor-element-c8485bb e-flex e-con-boxed e-con e-parent\" data-id=\"c8485bb\" data-element_type=\"container\">\n\t\t\t\t\t<div class=\"e-con-inner\">\n\t\t\t\t<div class=\"elementor-element elementor-element-61a1420 elementor-widget elementor-widget-text-editor\" data-id=\"61a1420\" data-element_type=\"widget\" data-widget_type=\"text-editor.default\">\n\t\t\t\t<div class=\"elementor-widget-container\">\n\t\t\t\t\t\t\t\t\t\n<p><em>Diese Cookie-Richtlinie wurde zuletzt am 8. Januar 2024 aktualisiert und gilt f\u00fcr B\u00fcrger und Personen mit rechtm\u00e4\u00dfigem st\u00e4ndigen Wohnsitz im Europ\u00e4ischen Wirtschaftsraum und der Schweiz.<\/em><\/p>\n\n<p><strong>1. Einleitung<\/strong><\/p>\n\n<p>Unsere Website, <a href=\"https:\/\/mafercolectores.com\/de\/\">https:\/\/mafercolectores.com\/<\/a>\u00a0(nachfolgend: \u201edie Website\u201c) verwendet Cookies und \u00e4hnliche Technologien (der Einfachheit halber werden alle Technologien unter \u201eCookies\u201c zusammengefasst). Cookies werden auch von uns beauftragten Drittparteien gesetzt. Das folgende Dokument informiert Sie \u00fcber die Verwendung von Cookies auf unserer Website.<\/p>\n\n<p><strong>2. Was sind Cookies?<\/strong><\/p>\n\n<p>Ein Cookie ist eine kleine Datei, die zusammen mit Seiten dieser Website gesendet und von Ihrem Browser auf der Festplatte Ihres Computers oder eines anderen Ger\u00e4ts gespeichert wird. Die gespeicherten Informationen k\u00f6nnen bei einem sp\u00e4teren Besuch an unsere Server oder an entsprechende Server von Drittanbietern zur\u00fcckgesendet werden.<\/p>\n\n<p><strong>3. Was sind Skripte?<\/strong><\/p>\n\n<p>Ein Skript ist ein St\u00fcck Programmcode, das dazu dient, unserer Website korrekt und interaktiv zu funktionieren. Dieser Code wird auf unserem Server oder auf Ihrem Ger\u00e4t ausgef\u00fchrt.<\/p>\n\n<p><strong>4. Was ist ein Web Beacon?<\/strong><\/p>\n\n<p>Ein Web Beacon (oder Pixel-Tag) ist ein kleines, unsichtbares Text- oder Bildfragment auf einer Website, das zur \u00dcberwachung des Website-Verkehrs dient. Zu diesem Zweck werden mithilfe dieser Web Beacons verschiedene Daten \u00fcber Sie gespeichert.<\/p>\n\n<p><strong>5. Cookies<\/strong><\/p>\n\n<p><strong>5.1 Technische oder funktionelle Cookies<\/strong><\/p>\n\n<p>Einige Cookies stellen sicher, dass Teile unserer Website richtig funktionieren und deine Nutzervorlieben bekannt bleiben. Durch das Platzieren funktionaler Cookies erleichtern wir dir den Besuch unserer Website. Auf diese Weise musst du bei Besuchen unserer Website nicht wiederholt die gleichen Informationen eingeben, oder deine Gegenst\u00e4nde bleiben beispielsweise in deinem Warenkorb bis du bezahlst. Wir k\u00f6nnen diese Cookies ohne dein Einverst\u00e4ndnis platzieren.<\/p>\n\n<p><strong>5.2 Marketing-\/Tracking-Cookies<\/strong><\/p>\n\n<p>Marketing-\/Tracking-Cookies sind Cookies oder andere Formen der lokalen Speicherung, die zum Erstellen von Benutzerprofilen zum Anzeigen von Werbung oder zum Verfolgen von Benutzern auf dieser Website oder auf mehreren Websites f\u00fcr \u00e4hnliche Marketingzwecke verwendet werden.<\/p>\n\n<p><strong>6. Verwendete Cookies<\/strong><\/p>\n\n<p><strong>Elementor<\/strong><\/p>\n\n<p>Statistik (anonym)<\/p>\n\n<p>Zustimmung zum Service Elementor<\/p>\n\n<p><strong>WordPress<\/strong><\/p>\n\n<p>Funktionalit\u00e4t<\/p>\n\n<p>Einwilligung zum Dienst WordPress<\/p>\n\n<p><strong>Mehrere<\/strong><\/p>\n\n<p>Gegenstand der Untersuchung<\/p>\n\n<p>Zustimmung zur Erbringung verschiedener Dienstleistungen<\/p>\n\n<p><strong>7. Zustimmung<\/strong><\/p>\n\n<p>Wenn du unsere Website das erste Mal besuchst, zeigen wir dir ein Pop-Up mit einer Erkl\u00e4rung \u00fcber Cookies. Sobald du auf \u201eEinstellungen speichern\u201c klickst, stimmst du zu, dass wir alle von dir gew\u00e4hlten Kategorien von Cookies und Plugins wie in dieser Cookie-Richtlinie beschrieben verwenden. Du kannst die Verwendung von Cookies \u00fcber deinen Browser deaktivieren, aber bitte beachte, dass unsere Website dann unter Umst\u00e4nden nicht richtig funktioniert.<\/p>\n\n<p><strong>7.1 Verwalten Sie Ihre Zustimmungseinstellungen<\/strong><\/p>\n\n<p>Funktionalit\u00e4t<\/p>\n\n<p>Immer aktiv<\/p>\n\n<p>Marketing<\/p>\n\n<p>Marketing<\/p>\n\n<p><strong>8. Aktivierung\/Deaktivierung und L\u00f6schung von Cookies<\/strong><\/p>\n\n<p>Du kannst deinen Internetbrowser verwenden um automatisch oder manuell Cookies zu l\u00f6schen. Du kannst au\u00dferdem spezifizieren ob spezielle Cookies nicht platziert werden sollen. Eine andere M\u00f6glichkeit ist es die Einstellungen deines Internetbrowsers derart zu \u00e4ndern, dass du jedes Mal benachrichtigt wirst, wenn ein Cookie gesetzt wird. F\u00fcr weitere Information \u00fcber diese M\u00f6glichkeiten beachte die Anweisungen in der Hilfesektion deines Browsers.<\/p>\n\n<p>Bitte nimm zur Kentniss, dass unsere Website m\u00f6glicherweise nicht richtig funktioniert wenn alle Cookies deaktiviert sind. Wenn du die Cookies in deinem Browser l\u00f6scht, werden diese neuplatziert wenn du unsere Website erneut besuchst.<\/p>\n\n<p><strong>9. Ihre Rechte in Bezug auf personenbezogene Daten<\/strong><\/p>\n\n<p>Sie haben in Bezug auf Ihre pers\u00f6nlichen Daten die folgenden Rechte:<\/p>\n\n<ul class=\"wp-block-list\">\n<li>Sie haben das Recht zu erfahren, wof\u00fcr Ihre personenbezogenen Daten ben\u00f6tigt werden, was mit ihnen geschieht und wie lange sie gespeichert werden.<\/li>\n\n<li>Auskunftsrecht: Sie haben das Recht auf Auskunft \u00fcber die bei uns \u00fcber Sie gespeicherten personenbezogenen Daten.<\/li>\n\n<li>Recht auf Berichtigung: Sie haben jederzeit das Recht, Ihre personenbezogenen Daten zu vervollst\u00e4ndigen, zu berichtigen, zu l\u00f6schen oder zu sperren.<\/li>\n\n<li>Wenn Sie uns Ihre Einwilligung zur Verarbeitung Ihrer Daten erteilen, haben Sie das Recht, diese Einwilligung zu widerrufen und die L\u00f6schung Ihrer personenbezogenen Daten zu verlangen.<\/li>\n\n<li>Recht auf Daten\u00fcbertragbarkeit: Sie haben das Recht, alle Ihre personenbezogenen Daten vom Verantwortlichen anzufordern und diese vollst\u00e4ndig an einen anderen Verantwortlichen zu \u00fcbertragen.<\/li>\n\n<li>Widerspruchsrecht: Sie k\u00f6nnen der Verarbeitung Ihrer Daten widersprechen. Diesem Widerspruch werden wir nachkommen, sofern keine berechtigten Gr\u00fcnde f\u00fcr die Verarbeitung vorliegen.<\/li>\n<\/ul>\n\n<p>Um diese Rechte auszu\u00fcben, kontaktieren Sie uns bitte. Bitte beachten Sie die Kontaktdaten am Ende dieser Cookie-Richtlinie. Wenn Sie Beschwerden dar\u00fcber haben, wie wir Ihre Daten behandeln, w\u00fcrden wir diese gerne h\u00f6ren, aber Sie haben auch das Recht, eine Beschwerde bei der Aufsichtsbeh\u00f6rde (der Datenschutzbeh\u00f6rde) einzureichen.<\/p>\n\n<p><strong>10. Kontaktinformationen<\/strong><\/p>\n\n<p>Bei Fragen und\/oder Kommentaren zu unserer Cookie-Richtlinie und dieser Erkl\u00e4rung kontaktieren Sie uns bitte unter den folgenden Kontaktinformationen:<\/p>\n\n<ul class=\"wp-block-list\">\n<li><strong data-renderer-mark=\"true\">Unternehmen:<\/strong> Miguel Angel Fernandez Reina<\/li>\n<li><strong data-renderer-mark=\"true\">NIF:<\/strong> 34750438Z<\/li>\n<li><strong data-renderer-mark=\"true\">Verantwortlich:<\/strong> S\u00e4ule<\/li>\n<li><strong data-renderer-mark=\"true\">Heim:<\/strong> Emp\u00faries Stra\u00dfe, 5<\/li>\n<li><strong data-renderer-mark=\"true\">Postleitzahl und Einwohnerzahl:<\/strong> 08184 Palau-solit\u00e0 i Plegamans (Barcelona)<\/li>\n<li><strong data-renderer-mark=\"true\">Telefon:<\/strong> 617702124 (S\u00e4ule)<\/li>\n<li><strong data-renderer-mark=\"true\">Mail:<\/strong> <a class=\"css-1rn59kg\" title=\"mailto:mafercolectores@gmail.com\" href=\"mailto:mafercolectores@gmail.com\" data-testid=\"link-with-safety\" data-renderer-mark=\"true\">mafercolectores@gmail.com<\/a><\/li>\n<\/ul>\n\n<p>Diese Cookie-Richtlinie wurde synchronisiert mit\u00a0<a href=\"https:\/\/cookiedatabase.org\/\">cookiedatabase.org<\/a>\u00a0am 01.08.2024.<\/p>\n\t\t\t\t\t\t\t\t<\/div>\n\t\t\t\t<\/div>\n\t\t\t\t\t<\/div>\n\t\t\t\t<\/div>\n\t\t\t\t<\/div>","protected":false},"excerpt":{"rendered":"<p>Esta pol\u00edtica de cookies fue actualizada por \u00faltima vez el 08\/01\/2024 y se aplica a los ciudadanos y residentes legales permanentes del Espacio Econ\u00f3mico Europeo y Suiza. 1. Introducci\u00f3n Nuestra web, https:\/\/mafercolectores.com\/\u00a0(en adelante: \u00abla web\u00bb) utiliza cookies y otras tecnolog\u00edas relacionadas (para mayor comodidad, todas las tecnolog\u00edas se denominan \u00abcookies\u00bb). Las cookies tambi\u00e9n son colocadas [&hellip;]<\/p>","protected":false},"author":1,"featured_media":0,"parent":0,"menu_order":0,"comment_status":"closed","ping_status":"closed","template":"","meta":{"footnotes":""},"class_list":["post-16","page","type-page","status-publish","hentry"],"yoast_head":"<!-- This site is optimized with the Yoast SEO plugin v26.4 - https:\/\/yoast.com\/wordpress\/plugins\/seo\/ -->\n<title>Pol\u00edtica de Cookies - Mafer Colectores<\/title>\n<meta name=\"robots\" content=\"index, follow, max-snippet:-1, max-image-preview:large, max-video-preview:-1\" \/>\n<link rel=\"canonical\" href=\"https:\/\/mafercolectores.com\/de\/politica-de-cookies\/\" \/>\n<meta property=\"og:locale\" content=\"de_DE\" \/>\n<meta property=\"og:type\" content=\"article\" \/>\n<meta property=\"og:title\" content=\"Pol\u00edtica de Cookies - Mafer Colectores\" \/>\n<meta property=\"og:description\" content=\"Esta pol\u00edtica de cookies fue actualizada por \u00faltima vez el 08\/01\/2024 y se aplica a los ciudadanos y residentes legales permanentes del Espacio Econ\u00f3mico Europeo y Suiza. 1. Introducci\u00f3n Nuestra web, https:\/\/mafercolectores.com\/\u00a0(en adelante: \u00abla web\u00bb) utiliza cookies y otras tecnolog\u00edas relacionadas (para mayor comodidad, todas las tecnolog\u00edas se denominan \u00abcookies\u00bb). Las cookies tambi\u00e9n son colocadas [&hellip;]\" \/>\n<meta property=\"og:url\" content=\"https:\/\/mafercolectores.com\/de\/politica-de-cookies\/\" \/>\n<meta property=\"og:site_name\" content=\"Mafer Colectores\" \/>\n<meta property=\"article:modified_time\" content=\"2025-07-23T13:15:43+00:00\" \/>\n<meta name=\"twitter:card\" content=\"summary_large_image\" \/>\n<meta name=\"twitter:label1\" content=\"Gesch\u00e4tzte Lesezeit\" \/>\n\t<meta name=\"twitter:data1\" content=\"4\u00a0Minuten\" \/>\n<script type=\"application\/ld+json\" class=\"yoast-schema-graph\">{\"@context\":\"https:\/\/schema.org\",\"@graph\":[{\"@type\":\"WebPage\",\"@id\":\"https:\/\/mafercolectores.com\/politica-de-cookies\/\",\"url\":\"https:\/\/mafercolectores.com\/politica-de-cookies\/\",\"name\":\"Pol\u00edtica de Cookies - Mafer Colectores\",\"isPartOf\":{\"@id\":\"https:\/\/mafercolectores.com\/#website\"},\"datePublished\":\"2025-03-28T18:59:16+00:00\",\"dateModified\":\"2025-07-23T13:15:43+00:00\",\"breadcrumb\":{\"@id\":\"https:\/\/mafercolectores.com\/politica-de-cookies\/#breadcrumb\"},\"inLanguage\":\"de\",\"potentialAction\":[{\"@type\":\"ReadAction\",\"target\":[\"https:\/\/mafercolectores.com\/politica-de-cookies\/\"]}]},{\"@type\":\"BreadcrumbList\",\"@id\":\"https:\/\/mafercolectores.com\/politica-de-cookies\/#breadcrumb\",\"itemListElement\":[{\"@type\":\"ListItem\",\"position\":1,\"name\":\"Portada\",\"item\":\"https:\/\/mafercolectores.com\/\"},{\"@type\":\"ListItem\",\"position\":2,\"name\":\"Pol\u00edtica de Cookies\"}]},{\"@type\":\"WebSite\",\"@id\":\"https:\/\/mafercolectores.com\/#website\",\"url\":\"https:\/\/mafercolectores.com\/\",\"name\":\"Mafer Colectores\",\"description\":\"Fabricaci\u00f3n a medida de colectores para motores industriales\",\"publisher\":{\"@id\":\"https:\/\/mafercolectores.com\/#organization\"},\"potentialAction\":[{\"@type\":\"SearchAction\",\"target\":{\"@type\":\"EntryPoint\",\"urlTemplate\":\"https:\/\/mafercolectores.com\/?s={search_term_string}\"},\"query-input\":{\"@type\":\"PropertyValueSpecification\",\"valueRequired\":true,\"valueName\":\"search_term_string\"}}],\"inLanguage\":\"de\"},{\"@type\":\"Organization\",\"@id\":\"https:\/\/mafercolectores.com\/#organization\",\"name\":\"Mafer Colectores\",\"url\":\"https:\/\/mafercolectores.com\/\",\"logo\":{\"@type\":\"ImageObject\",\"inLanguage\":\"de\",\"@id\":\"https:\/\/mafercolectores.com\/#\/schema\/logo\/image\/\",\"url\":\"https:\/\/mafercolectores.com\/wp-content\/uploads\/2025\/07\/1.png\",\"contentUrl\":\"https:\/\/mafercolectores.com\/wp-content\/uploads\/2025\/07\/1.png\",\"width\":326,\"height\":125,\"caption\":\"Mafer Colectores\"},\"image\":{\"@id\":\"https:\/\/mafercolectores.com\/#\/schema\/logo\/image\/\"}}]}<\/script>\n<!-- \/ Yoast SEO plugin. -->","yoast_head_json":{"title":"Pol\u00edtica de Cookies - Mafer Colectores","robots":{"index":"index","follow":"follow","max-snippet":"max-snippet:-1","max-image-preview":"max-image-preview:large","max-video-preview":"max-video-preview:-1"},"canonical":"https:\/\/mafercolectores.com\/de\/politica-de-cookies\/","og_locale":"de_DE","og_type":"article","og_title":"Pol\u00edtica de Cookies - Mafer Colectores","og_description":"Esta pol\u00edtica de cookies fue actualizada por \u00faltima vez el 08\/01\/2024 y se aplica a los ciudadanos y residentes legales permanentes del Espacio Econ\u00f3mico Europeo y Suiza. 1. Introducci\u00f3n Nuestra web, https:\/\/mafercolectores.com\/\u00a0(en adelante: \u00abla web\u00bb) utiliza cookies y otras tecnolog\u00edas relacionadas (para mayor comodidad, todas las tecnolog\u00edas se denominan \u00abcookies\u00bb). Las cookies tambi\u00e9n son colocadas [&hellip;]","og_url":"https:\/\/mafercolectores.com\/de\/politica-de-cookies\/","og_site_name":"Mafer Colectores","article_modified_time":"2025-07-23T13:15:43+00:00","twitter_card":"summary_large_image","twitter_misc":{"Gesch\u00e4tzte Lesezeit":"4\u00a0Minuten"},"schema":{"@context":"https:\/\/schema.org","@graph":[{"@type":"WebPage","@id":"https:\/\/mafercolectores.com\/politica-de-cookies\/","url":"https:\/\/mafercolectores.com\/politica-de-cookies\/","name":"Pol\u00edtica de Cookies - Mafer Colectores","isPartOf":{"@id":"https:\/\/mafercolectores.com\/#website"},"datePublished":"2025-03-28T18:59:16+00:00","dateModified":"2025-07-23T13:15:43+00:00","breadcrumb":{"@id":"https:\/\/mafercolectores.com\/politica-de-cookies\/#breadcrumb"},"inLanguage":"de","potentialAction":[{"@type":"ReadAction","target":["https:\/\/mafercolectores.com\/politica-de-cookies\/"]}]},{"@type":"BreadcrumbList","@id":"https:\/\/mafercolectores.com\/politica-de-cookies\/#breadcrumb","itemListElement":[{"@type":"ListItem","position":1,"name":"Portada","item":"https:\/\/mafercolectores.com\/"},{"@type":"ListItem","position":2,"name":"Pol\u00edtica de Cookies"}]},{"@type":"WebSite","@id":"https:\/\/mafercolectores.com\/#website","url":"https:\/\/mafercolectores.com\/","name":"Mafer-Sammler","description":"Kundenspezifische Fertigung von kommutatoren f\u00fcr Industriemotoren","publisher":{"@id":"https:\/\/mafercolectores.com\/#organization"},"potentialAction":[{"@type":"SearchAction","target":{"@type":"EntryPoint","urlTemplate":"https:\/\/mafercolectores.com\/?s={search_term_string}"},"query-input":{"@type":"PropertyValueSpecification","valueRequired":true,"valueName":"search_term_string"}}],"inLanguage":"de"},{"@type":"Organization","@id":"https:\/\/mafercolectores.com\/#organization","name":"Mafer-Sammler","url":"https:\/\/mafercolectores.com\/","logo":{"@type":"ImageObject","inLanguage":"de","@id":"https:\/\/mafercolectores.com\/#\/schema\/logo\/image\/","url":"https:\/\/mafercolectores.com\/wp-content\/uploads\/2025\/07\/1.png","contentUrl":"https:\/\/mafercolectores.com\/wp-content\/uploads\/2025\/07\/1.png","width":326,"height":125,"caption":"Mafer Colectores"},"image":{"@id":"https:\/\/mafercolectores.com\/#\/schema\/logo\/image\/"}}]}},"_links":{"self":[{"href":"https:\/\/mafercolectores.com\/de\/wp-json\/wp\/v2\/pages\/16","targetHints":{"allow":["GET"]}}],"collection":[{"href":"https:\/\/mafercolectores.com\/de\/wp-json\/wp\/v2\/pages"}],"about":[{"href":"https:\/\/mafercolectores.com\/de\/wp-json\/wp\/v2\/types\/page"}],"author":[{"embeddable":true,"href":"https:\/\/mafercolectores.com\/de\/wp-json\/wp\/v2\/users\/1"}],"replies":[{"embeddable":true,"href":"https:\/\/mafercolectores.com\/de\/wp-json\/wp\/v2\/comments?post=16"}],"version-history":[{"count":11,"href":"https:\/\/mafercolectores.com\/de\/wp-json\/wp\/v2\/pages\/16\/revisions"}],"predecessor-version":[{"id":449,"href":"https:\/\/mafercolectores.com\/de\/wp-json\/wp\/v2\/pages\/16\/revisions\/449"}],"wp:attachment":[{"href":"https:\/\/mafercolectores.com\/de\/wp-json\/wp\/v2\/media?parent=16"}],"curies":[{"name":"wp","href":"https:\/\/api.w.org\/{rel}","templated":true}]}}